{"id":2937,"date":"2023-02-04T21:18:24","date_gmt":"2023-02-04T21:18:24","guid":{"rendered":"https:\/\/chimikingrestaurant.com\/?page_id=2937"},"modified":"2023-12-06T02:59:55","modified_gmt":"2023-12-06T02:59:55","slug":"privacy-policy","status":"publish","type":"page","link":"https:\/\/chimikingrestaurant.com\/es\/privacy-policy\/","title":{"rendered":"Pol\u00edtica de Privacidad"},"content":{"rendered":"<style>.elementor-2937 .elementor-element.elementor-element-356befcf > .elementor-container{max-width:500px;}.elementor-2937 .elementor-element.elementor-element-356befcf:not(.elementor-motion-effects-element-type-background), .elementor-2937 .elementor-element.elementor-element-356befcf > .elementor-motion-effects-container > .elementor-motion-effects-layer{background-image:url(\"https:\/\/chimikingrestaurant.com\/wp-content\/uploads\/2023\/01\/male-friends-drinking-beer-and-eating-burgers-in-sports-bar.jpg\");background-position:center center;background-size:cover;}.elementor-2937 .elementor-element.elementor-element-356befcf > .elementor-background-overlay{background-color:transparent;background-image:linear-gradient(180deg, #000000B3 0%, #000000 100%);opacity:1;transition:background 0.3s, border-radius 0.3s, opacity 0.3s;}.elementor-2937 .elementor-element.elementor-element-356befcf{transition:background 0.3s, border 0.3s, border-radius 0.3s, box-shadow 0.3s;margin-top:-138px;margin-bottom:0px;padding:180px 0px 90px 0px;overflow:visible;}.elementor-2937 .elementor-element.elementor-element-7546f58e{text-align:center;}.elementor-2937 .elementor-element.elementor-element-7546f58e .elementor-heading-title{font-family:var( --e-global-typography-076c0f2-font-family ), Sans-serif;font-size:var( --e-global-typography-076c0f2-font-size );font-weight:var( --e-global-typography-076c0f2-font-weight );text-transform:var( --e-global-typography-076c0f2-text-transform );line-height:var( --e-global-typography-076c0f2-line-height );letter-spacing:var( --e-global-typography-076c0f2-letter-spacing );word-spacing:var( --e-global-typography-076c0f2-word-spacing );color:#FFFFFF;}.elementor-2937 .elementor-element.elementor-element-7546f58e > .elementor-widget-container{margin:0px 0px 0px 0px;}.elementor-2937 .elementor-element.elementor-element-5b462057{--divider-border-style:solid;--divider-color:var( --e-global-color-897cb8d );--divider-border-width:3.5px;}.elementor-2937 .elementor-element.elementor-element-5b462057 .elementor-divider-separator{width:15%;margin:0 auto;margin-center:0;}.elementor-2937 .elementor-element.elementor-element-5b462057 .elementor-divider{text-align:center;padding-block-start:10px;padding-block-end:10px;}.elementor-2937 .elementor-element.elementor-element-53e8f301{text-align:center;font-family:var( --e-global-typography-text-font-family ), Sans-serif;font-size:var( --e-global-typography-text-font-size );font-weight:var( --e-global-typography-text-font-weight );color:var( --e-global-color-0eabca8 );}.elementor-2937 .elementor-element.elementor-element-53e8f301 > .elementor-widget-container{margin:0px 0px 0px 0px;}.elementor-2937 .elementor-element.elementor-element-1215b642 > .elementor-container > .elementor-column > .elementor-widget-wrap{align-content:center;align-items:center;}.elementor-2937 .elementor-element.elementor-element-1215b642:not(.elementor-motion-effects-element-type-background), .elementor-2937 .elementor-element.elementor-element-1215b642 > .elementor-motion-effects-container > .elementor-motion-effects-layer{background-color:transparent;background-image:linear-gradient(180deg, #000000 0%, #020202 100%);}.elementor-2937 .elementor-element.elementor-element-1215b642{transition:background 0.3s, border 0.3s, border-radius 0.3s, box-shadow 0.3s;margin-top:-90px;margin-bottom:-0px;padding:0px 150px 30px 150px;overflow:visible;}.elementor-2937 .elementor-element.elementor-element-1215b642 > .elementor-background-overlay{transition:background 0.3s, border-radius 0.3s, opacity 0.3s;}.elementor-2937 .elementor-element.elementor-element-6a46b63a > .elementor-element-populated{margin:0px 50px 0px 0px;--e-column-margin-right:50px;--e-column-margin-left:0px;}.elementor-2937 .elementor-element.elementor-element-530e0496{--divider-border-style:solid;--divider-color:var( --e-global-color-897cb8d );--divider-border-width:3.5px;}.elementor-2937 .elementor-element.elementor-element-530e0496 .elementor-divider-separator{width:20%;margin:0 auto;margin-left:0;}.elementor-2937 .elementor-element.elementor-element-530e0496 .elementor-divider{text-align:left;padding-block-start:10px;padding-block-end:10px;}.elementor-2937 .elementor-element.elementor-element-700204a6{color:var( --e-global-color-0eabca8 );}.elementor-2937 .elementor-element.elementor-element-20c2f120{--divider-border-style:solid;--divider-color:#353535;--divider-border-width:3.5px;}.elementor-2937 .elementor-element.elementor-element-20c2f120 .elementor-divider-separator{width:100%;margin:0 auto;margin-left:0;}.elementor-2937 .elementor-element.elementor-element-20c2f120 .elementor-divider{text-align:left;padding-block-start:10px;padding-block-end:10px;}.elementor-2937 .elementor-element.elementor-element-20c2f120 > .elementor-widget-container{margin:-45px 0px 0px 0px;}.elementor-widget .tippy-tooltip .tippy-content{text-align:center;}@media(max-width:1024px) and (min-width:768px){.elementor-2937 .elementor-element.elementor-element-6a46b63a{width:100%;}}@media(max-width:1024px){.elementor-2937 .elementor-element.elementor-element-7546f58e .elementor-heading-title{font-size:var( --e-global-typography-076c0f2-font-size );line-height:var( --e-global-typography-076c0f2-line-height );letter-spacing:var( --e-global-typography-076c0f2-letter-spacing );word-spacing:var( --e-global-typography-076c0f2-word-spacing );}.elementor-2937 .elementor-element.elementor-element-53e8f301{font-size:var( --e-global-typography-text-font-size );}.elementor-2937 .elementor-element.elementor-element-1215b642{padding:50px 0px 60px 0px;}.elementor-2937 .elementor-element.elementor-element-6a46b63a > .elementor-element-populated{margin:0px 10px 30px 10px;--e-column-margin-right:10px;--e-column-margin-left:10px;}}@media(max-width:767px){.elementor-2937 .elementor-element.elementor-element-356befcf{margin-top:-160px;margin-bottom:0px;}.elementor-2937 .elementor-element.elementor-element-173203ff > .elementor-element-populated{margin:0px 10px 0px 10px;--e-column-margin-right:10px;--e-column-margin-left:10px;}.elementor-2937 .elementor-element.elementor-element-7546f58e .elementor-heading-title{font-size:var( --e-global-typography-076c0f2-font-size );line-height:var( --e-global-typography-076c0f2-line-height );letter-spacing:var( --e-global-typography-076c0f2-letter-spacing );word-spacing:var( --e-global-typography-076c0f2-word-spacing );}.elementor-2937 .elementor-element.elementor-element-53e8f301{font-size:var( --e-global-typography-text-font-size );}.elementor-2937 .elementor-element.elementor-element-1215b642{padding:0px 0px 50px 0px;}.elementor-2937 .elementor-element.elementor-element-6a46b63a > .elementor-element-populated{margin:0px 10px 30px 10px;--e-column-margin-right:10px;--e-column-margin-left:10px;}}<\/style>\t\t<div data-elementor-type=\"wp-page\" data-elementor-id=\"2937\" class=\"elementor elementor-2937\" data-elementor-settings=\"{&quot;element_pack_global_tooltip_width&quot;:{&quot;unit&quot;:&quot;px&quot;,&quot;size&quot;:&quot;&quot;,&quot;sizes&quot;:[]},&quot;element_pack_global_tooltip_width_tablet&quot;:{&quot;unit&quot;:&quot;px&quot;,&quot;size&quot;:&quot;&quot;,&quot;sizes&quot;:[]},&quot;element_pack_global_tooltip_width_mobile&quot;:{&quot;unit&quot;:&quot;px&quot;,&quot;size&quot;:&quot;&quot;,&quot;sizes&quot;:[]},&quot;element_pack_global_tooltip_padding&quot;:{&quot;unit&quot;:&quot;px&quot;,&quot;top&quot;:&quot;&quot;,&quot;right&quot;:&quot;&quot;,&quot;bottom&quot;:&quot;&quot;,&quot;left&quot;:&quot;&quot;,&quot;isLinked&quot;:true},&quot;element_pack_global_tooltip_padding_tablet&quot;:{&quot;unit&quot;:&quot;px&quot;,&quot;top&quot;:&quot;&quot;,&quot;right&quot;:&quot;&quot;,&quot;bottom&quot;:&quot;&quot;,&quot;left&quot;:&quot;&quot;,&quot;isLinked&quot;:true},&quot;element_pack_global_tooltip_padding_mobile&quot;:{&quot;unit&quot;:&quot;px&quot;,&quot;top&quot;:&quot;&quot;,&quot;right&quot;:&quot;&quot;,&quot;bottom&quot;:&quot;&quot;,&quot;left&quot;:&quot;&quot;,&quot;isLinked&quot;:true},&quot;element_pack_global_tooltip_border_radius&quot;:{&quot;unit&quot;:&quot;px&quot;,&quot;top&quot;:&quot;&quot;,&quot;right&quot;:&quot;&quot;,&quot;bottom&quot;:&quot;&quot;,&quot;left&quot;:&quot;&quot;,&quot;isLinked&quot;:true},&quot;element_pack_global_tooltip_border_radius_tablet&quot;:{&quot;unit&quot;:&quot;px&quot;,&quot;top&quot;:&quot;&quot;,&quot;right&quot;:&quot;&quot;,&quot;bottom&quot;:&quot;&quot;,&quot;left&quot;:&quot;&quot;,&quot;isLinked&quot;:true},&quot;element_pack_global_tooltip_border_radius_mobile&quot;:{&quot;unit&quot;:&quot;px&quot;,&quot;top&quot;:&quot;&quot;,&quot;right&quot;:&quot;&quot;,&quot;bottom&quot;:&quot;&quot;,&quot;left&quot;:&quot;&quot;,&quot;isLinked&quot;:true}}\" data-elementor-post-type=\"page\">\n\t\t\t\t\t\t<section data-particle_enable=\"false\" data-particle-mobile-disabled=\"false\" class=\"elementor-section elementor-top-section elementor-element elementor-element-356befcf elementor-section-boxed elementor-section-height-default elementor-section-height-default\" data-id=\"356befcf\" data-element_type=\"section\" data-e-type=\"section\" data-settings=\"{&quot;background_background&quot;:&quot;classic&quot;,&quot;jet_parallax_layout_list&quot;:[],&quot;ekit_has_onepagescroll_dot&quot;:&quot;yes&quot;}\">\n\t\t\t\t\t\t\t<div class=\"elementor-background-overlay\"><\/div>\n\t\t\t\t\t\t\t<div class=\"elementor-container elementor-column-gap-no\">\n\t\t\t\t\t<div class=\"elementor-column elementor-col-100 elementor-top-column elementor-element elementor-element-173203ff\" data-id=\"173203ff\" data-element_type=\"column\" data-e-type=\"column\">\n\t\t\t<div class=\"elementor-widget-wrap elementor-element-populated\">\n\t\t\t\t\t\t<div class=\"elementor-element elementor-element-7546f58e elementor-widget elementor-widget-heading\" data-id=\"7546f58e\" data-element_type=\"widget\" data-e-type=\"widget\" data-settings=\"{&quot;ekit_we_effect_on&quot;:&quot;none&quot;}\" data-widget_type=\"heading.default\">\n\t\t\t\t<div class=\"elementor-widget-container\">\n\t\t\t\t\t<h2 class=\"elementor-heading-title elementor-size-default\">POL\u00cdTICA DE PRIVACIDAD<\/h2>\t\t\t\t<\/div>\n\t\t\t\t<\/div>\n\t\t\t\t<div class=\"elementor-element elementor-element-5b462057 elementor-widget-divider--view-line elementor-widget elementor-widget-divider\" data-id=\"5b462057\" data-element_type=\"widget\" data-e-type=\"widget\" data-settings=\"{&quot;ekit_we_effect_on&quot;:&quot;none&quot;}\" data-widget_type=\"divider.default\">\n\t\t\t\t<div class=\"elementor-widget-container\">\n\t\t\t\t\t\t\t<div class=\"elementor-divider\">\n\t\t\t<span class=\"elementor-divider-separator\">\n\t\t\t\t\t\t<\/span>\n\t\t<\/div>\n\t\t\t\t\t\t<\/div>\n\t\t\t\t<\/div>\n\t\t\t\t<div class=\"elementor-element elementor-element-53e8f301 elementor-widget elementor-widget-text-editor\" data-id=\"53e8f301\" data-element_type=\"widget\" data-e-type=\"widget\" data-settings=\"{&quot;ekit_we_effect_on&quot;:&quot;none&quot;}\" data-widget_type=\"text-editor.default\">\n\t\t\t\t<div class=\"elementor-widget-container\">\n\t\t\t\t\t\t\t\t\t<p>En Chimiking Restaurant, estamos comprometidos a proteger la privacidad de nuestros clientes. Esta Pol\u00edtica de privacidad describe c\u00f3mo recopilamos, usamos y divulgamos su informaci\u00f3n personal cuando visita nuestro sitio web o cena con nosotros.<\/p><p>\u00a0<\/p>\t\t\t\t\t\t\t\t<\/div>\n\t\t\t\t<\/div>\n\t\t\t\t\t<\/div>\n\t\t<\/div>\n\t\t\t\t\t<\/div>\n\t\t<\/section>\n\t\t\t\t<section data-particle_enable=\"false\" data-particle-mobile-disabled=\"false\" class=\"elementor-section elementor-top-section elementor-element elementor-element-1215b642 elementor-section-content-middle elementor-section-boxed elementor-section-height-default elementor-section-height-default\" data-id=\"1215b642\" data-element_type=\"section\" data-e-type=\"section\" data-settings=\"{&quot;background_background&quot;:&quot;gradient&quot;,&quot;jet_parallax_layout_list&quot;:[],&quot;ekit_has_onepagescroll_dot&quot;:&quot;yes&quot;}\">\n\t\t\t\t\t\t<div class=\"elementor-container elementor-column-gap-no\">\n\t\t\t\t\t<div class=\"elementor-column elementor-col-100 elementor-top-column elementor-element elementor-element-6a46b63a\" data-id=\"6a46b63a\" data-element_type=\"column\" data-e-type=\"column\">\n\t\t\t<div class=\"elementor-widget-wrap elementor-element-populated\">\n\t\t\t\t\t\t<div class=\"elementor-element elementor-element-530e0496 elementor-widget-divider--view-line elementor-widget elementor-widget-divider\" data-id=\"530e0496\" data-element_type=\"widget\" data-e-type=\"widget\" data-settings=\"{&quot;ekit_we_effect_on&quot;:&quot;none&quot;}\" data-widget_type=\"divider.default\">\n\t\t\t\t<div class=\"elementor-widget-container\">\n\t\t\t\t\t\t\t<div class=\"elementor-divider\">\n\t\t\t<span class=\"elementor-divider-separator\">\n\t\t\t\t\t\t<\/span>\n\t\t<\/div>\n\t\t\t\t\t\t<\/div>\n\t\t\t\t<\/div>\n\t\t\t\t<div class=\"elementor-element elementor-element-700204a6 elementor-widget elementor-widget-text-editor\" data-id=\"700204a6\" data-element_type=\"widget\" data-e-type=\"widget\" data-settings=\"{&quot;ekit_we_effect_on&quot;:&quot;none&quot;}\" data-widget_type=\"text-editor.default\">\n\t\t\t\t<div class=\"elementor-widget-container\">\n\t\t\t\t\t\t\t\t\t<p><b>Pol\u00edtica de privacidad del restaurante Chimiking<\/b><\/p><p>\u00daltima actualizaci\u00f3n: 4 de febrero de 2023<\/p><p><span style=\"color: var( --e-global-color-0eabca8 ); background-color: transparent;\"><b>Informaci\u00f3n que recopilamos<\/b><\/span><\/p><p>Cuando visita nuestro sitio web, podemos recopilar informaci\u00f3n sobre su dispositivo, incluida su direcci\u00f3n IP, tipo de navegador y sistema operativo. Tambi\u00e9n podemos recopilar informaci\u00f3n sobre su visita, como las p\u00e1ginas que visita, el tiempo que pasa en nuestro sitio y los enlaces en los que hace clic.<\/p><p>Cuando realiza una reserva o un pedido con nosotros, podemos recoger su nombre, direcci\u00f3n de correo electr\u00f3nico, n\u00famero de tel\u00e9fono e informaci\u00f3n de pago. Si decide proporcionarla, tambi\u00e9n podemos recoger informaci\u00f3n sobre sus restricciones diet\u00e9ticas, peticiones especiales y preferencias de asiento. Esta informaci\u00f3n es necesaria para llevar a cabo con \u00e9xito la entrega o gesti\u00f3n de sus compras o consultas asociadas a nuestros servicios.\u00a0\u00a0<\/p><p><b>Uso de la informaci\u00f3n<\/b><\/p><p>Utilizamos la informaci\u00f3n que recopilamos para ofrecerle una mejor experiencia gastron\u00f3mica y para mejorar nuestro sitio web. Por ejemplo, podemos usar su informaci\u00f3n para:<\/p><ul><li>Responder a sus consultas y procesar sus reservas y pedidos<\/li><li>Personaliza tu experiencia en nuestro sitio web<\/li><li>Mejorar la calidad de nuestra comida y servicio<\/li><li>Enviarle promociones, actualizaciones y otros materiales de marketing<\/li><li>Prot\u00e9jase contra el fraude y otras actividades ilegales<\/li><\/ul><div>\u00a0<\/div><p><b>Divulgaci\u00f3n de informaci\u00f3n<\/b><\/p><p>Podemos divulgar su informaci\u00f3n personal a terceros solo cuando est\u00e9 relacionada con el pago, como tarjetas de cr\u00e9dito, o delivery, como UberEats, u otras organizaciones asociadas a la transacci\u00f3n de su compra. Solicitamos y exigimos a estos terceros que protejan su informaci\u00f3n y la utilicen \u00fanicamente para los fines para los cuales fue divulgada.<\/p><p>Tambi\u00e9n podemos divulgar su informaci\u00f3n a autoridades gubernamentales o agencias de aplicaci\u00f3n de la ley si as\u00ed lo exige la ley o en respuesta a una citaci\u00f3n u otro proceso legal.<\/p><p><b>Seguridad de la informaci\u00f3n<\/b><\/p><p>Tomamos medidas razonables para proteger la seguridad de su informaci\u00f3n personal. Utilizamos cifrado, cortafuegos y otras medidas de seguridad para proteger su informaci\u00f3n del acceso, divulgaci\u00f3n o uso no autorizados.<\/p><p>Sin embargo, ning\u00fan sitio web o transmisi\u00f3n por Internet es completamente seguro, y no podemos garantizar la seguridad de su informaci\u00f3n personal. Usted es responsable de mantener la confidencialidad de su informaci\u00f3n de inicio de sesi\u00f3n y contrase\u00f1as.<\/p><p><b>Information and Marketing<\/b><\/p><p>By using our services, you agree to allow us to use your contact information to communicate with you regarding your orders, and, if you choose, to receive updates about our business, including exclusive discounts and offers.\u00a0\u00a0<\/p><p>We respect your privacy and protect your information. As you understand that your information is necessary for a smooth and successful delivery of services and products, receiving non-transactional messages are completely voluntary,\u00a0 and you will always have the option to unsubscribe from our customer list at any time. Every piece of communication with you, will have the option for you to unsubscribe from our customer list, if you decide to do so.<b>\u00a0<\/b><\/p><p><b>Cambios a esta pol\u00edtica<\/b><\/p><p>Podemos actualizar esta Pol\u00edtica de privacidad de vez en cuando para reflejar los cambios en nuestras pr\u00e1cticas o leyes aplicables. Publicaremos la pol\u00edtica actualizada en nuestro sitio web e indicaremos la fecha de la \u00faltima revisi\u00f3n. Su uso continuado de nuestro sitio web o servicios despu\u00e9s de la publicaci\u00f3n de una pol\u00edtica actualizada constituye su aceptaci\u00f3n de los cambios.<\/p><p><b>Cont\u00e1cto<\/b><\/p><p>Si tiene alguna pregunta sobre esta Pol\u00edtica de privacidad o nuestro uso de su informaci\u00f3n personal, cont\u00e1ctenos en:\u00a0<\/p><p><a href=\"mailto:Administracion2@chimikingrestaurant.com\">mailto:Administracion2@chimikingrestaurant.com<\/a><\/p>\t\t\t\t\t\t\t\t<\/div>\n\t\t\t\t<\/div>\n\t\t\t\t<div class=\"elementor-element elementor-element-20c2f120 elementor-widget-divider--view-line elementor-widget elementor-widget-divider\" data-id=\"20c2f120\" data-element_type=\"widget\" data-e-type=\"widget\" data-settings=\"{&quot;ekit_we_effect_on&quot;:&quot;none&quot;}\" data-widget_type=\"divider.default\">\n\t\t\t\t<div class=\"elementor-widget-container\">\n\t\t\t\t\t\t\t<div class=\"elementor-divider\">\n\t\t\t<span class=\"elementor-divider-separator\">\n\t\t\t\t\t\t<\/span>\n\t\t<\/div>\n\t\t\t\t\t\t<\/div>\n\t\t\t\t<\/div>\n\t\t\t\t\t<\/div>\n\t\t<\/div>\n\t\t\t\t\t<\/div>\n\t\t<\/section>\n\t\t\t\t<\/div>","protected":false},"excerpt":{"rendered":"<p>PRIVACY POLICY At Chimiking Restaurant, we are committed to protecting the privacy of our customers. This Privacy Policy describes how we collect, use, and disclose your personal information when you visit our website or dine with us. \u00a0 Chimiking Restaurant Privacy Policy Last updated: February 4, 2023 Information We Collect When you visit our website,&#8230;<\/p>","protected":false},"author":1,"featured_media":0,"parent":0,"menu_order":0,"comment_status":"closed","ping_status":"closed","template":"elementor_header_footer","meta":{"footnotes":""},"class_list":["post-2937","page","type-page","status-publish","hentry"],"_links":{"self":[{"href":"https:\/\/chimikingrestaurant.com\/es\/wp-json\/wp\/v2\/pages\/2937","targetHints":{"allow":["GET"]}}],"collection":[{"href":"https:\/\/chimikingrestaurant.com\/es\/wp-json\/wp\/v2\/pages"}],"about":[{"href":"https:\/\/chimikingrestaurant.com\/es\/wp-json\/wp\/v2\/types\/page"}],"author":[{"embeddable":true,"href":"https:\/\/chimikingrestaurant.com\/es\/wp-json\/wp\/v2\/users\/1"}],"replies":[{"embeddable":true,"href":"https:\/\/chimikingrestaurant.com\/es\/wp-json\/wp\/v2\/comments?post=2937"}],"version-history":[{"count":9,"href":"https:\/\/chimikingrestaurant.com\/es\/wp-json\/wp\/v2\/pages\/2937\/revisions"}],"predecessor-version":[{"id":9025,"href":"https:\/\/chimikingrestaurant.com\/es\/wp-json\/wp\/v2\/pages\/2937\/revisions\/9025"}],"wp:attachment":[{"href":"https:\/\/chimikingrestaurant.com\/es\/wp-json\/wp\/v2\/media?parent=2937"}],"curies":[{"name":"wp","href":"https:\/\/api.w.org\/{rel}","templated":true}]}}