{"id":7113,"date":"2023-09-19T17:55:20","date_gmt":"2023-09-19T17:55:20","guid":{"rendered":"https:\/\/chimikingrestaurant.com\/?page_id=7113"},"modified":"2023-09-19T17:55:26","modified_gmt":"2023-09-19T17:55:26","slug":"display-menu-cocktails","status":"publish","type":"page","link":"https:\/\/chimikingrestaurant.com\/es\/display-menu-cocktails\/","title":{"rendered":"display-menu-cocktails"},"content":{"rendered":"<style>.elementor-7113 .elementor-element.elementor-element-55135a55{overflow:visible;transition:background 0.3s, border 0.3s, border-radius 0.3s, box-shadow 0.3s;margin-top:-20px;margin-bottom:20px;padding:0px 0px 0px 45px;}.elementor-7113 .elementor-element.elementor-element-55135a55:not(.elementor-motion-effects-element-type-background), .elementor-7113 .elementor-element.elementor-element-55135a55 > .elementor-motion-effects-container > .elementor-motion-effects-layer{background-color:var( --e-global-color-primary );}.elementor-7113 .elementor-element.elementor-element-55135a55 > .elementor-background-overlay{transition:background 0.3s, border-radius 0.3s, opacity 0.3s;}.elementor-7113 .elementor-element.elementor-element-57a76413 .narep-food-menu-item-wrap{margin:0px 0px 10px 0px;padding:30px 30px 30px 30px;box-shadow:0px 0px 10px 0px rgba(0, 0, 0, 0.3);}.elementor-7113 .elementor-element.elementor-element-57a76413 .narep-food-menu-item-wrap, .elementor-7113 .elementor-element.elementor-element-57a76413 .narep-food-menu-item-wrap .food-title, .elementor-7113 .elementor-element.elementor-element-57a76413 .narep-food-menu-item-wrap .food-price{background-color:var( --e-global-color-a69298f );}.elementor-7113 .elementor-element.elementor-element-57a76413 .narep-food-menu-item .narep-image{border-radius:0px 0px 0px 0px;}.elementor-7113 .elementor-element.elementor-element-57a76413 .narep-food-menu-info h4{margin:10px 0px 0px 0px;}.elementor-7113 .elementor-element.elementor-element-57a76413 .narep-food-menu-wrap .food-price, .elementor-7113 .elementor-element.elementor-element-57a76413 .narep-food-menu-wrap .food-price span{background-color:var( --e-global-color-accent );}.elementor-7113 .elementor-element.elementor-element-57a76413 .food-price{color:var( --e-global-color-51c8760 );}.elementor-7113 .elementor-element.elementor-element-57a76413 .food-label{padding:-1px -1px -1px -1px;}.elementor-7113 .elementor-element.elementor-element-57a76413 .narep-food-menu-info p{padding:10px 0px 10px 0px;}.elementor-7113 .elementor-element.elementor-element-57a76413 .narep-btn{color:var( --e-global-color-primary );background-color:var( --e-global-color-accent );}.elementor-7113 .elementor-element.elementor-element-57a76413 .narep-btn:hover{background-color:var( --e-global-color-d652f2f );}.elementor-7113 .elementor-element.elementor-element-57a76413 > .elementor-widget-container{margin:0px 0px 0px 0px;}.elementor-widget .tippy-tooltip .tippy-content{text-align:center;}@media(max-width:767px){.elementor-7113 .elementor-element.elementor-element-55135a55{padding:0px 0px 0px 0px;}.elementor-7113 .elementor-element.elementor-element-3561ce8d > .elementor-element-populated{margin:0px 0px 0px 0px;--e-column-margin-right:0px;--e-column-margin-left:0px;padding:0px 0px 0px 0px;}.elementor-7113 .elementor-element.elementor-element-57a76413 .narep-food-menu-item-wrap{margin:0px 0px 10px 0px;}.elementor-7113 .elementor-element.elementor-element-57a76413 .narep-food-menu-info h4{margin:-20px 0px 10px 0px;}.elementor-7113 .elementor-element.elementor-element-57a76413 > .elementor-widget-container{margin:0px 10px 0px 0px;}}<\/style>\t\t<div data-elementor-type=\"wp-page\" data-elementor-id=\"7113\" class=\"elementor elementor-7113\" data-elementor-settings=\"{&quot;element_pack_global_tooltip_width&quot;:{&quot;unit&quot;:&quot;px&quot;,&quot;size&quot;:&quot;&quot;,&quot;sizes&quot;:[]},&quot;element_pack_global_tooltip_width_tablet&quot;:{&quot;unit&quot;:&quot;px&quot;,&quot;size&quot;:&quot;&quot;,&quot;sizes&quot;:[]},&quot;element_pack_global_tooltip_width_mobile&quot;:{&quot;unit&quot;:&quot;px&quot;,&quot;size&quot;:&quot;&quot;,&quot;sizes&quot;:[]},&quot;element_pack_global_tooltip_padding&quot;:{&quot;unit&quot;:&quot;px&quot;,&quot;top&quot;:&quot;&quot;,&quot;right&quot;:&quot;&quot;,&quot;bottom&quot;:&quot;&quot;,&quot;left&quot;:&quot;&quot;,&quot;isLinked&quot;:true},&quot;element_pack_global_tooltip_padding_tablet&quot;:{&quot;unit&quot;:&quot;px&quot;,&quot;top&quot;:&quot;&quot;,&quot;right&quot;:&quot;&quot;,&quot;bottom&quot;:&quot;&quot;,&quot;left&quot;:&quot;&quot;,&quot;isLinked&quot;:true},&quot;element_pack_global_tooltip_padding_mobile&quot;:{&quot;unit&quot;:&quot;px&quot;,&quot;top&quot;:&quot;&quot;,&quot;right&quot;:&quot;&quot;,&quot;bottom&quot;:&quot;&quot;,&quot;left&quot;:&quot;&quot;,&quot;isLinked&quot;:true},&quot;element_pack_global_tooltip_border_radius&quot;:{&quot;unit&quot;:&quot;px&quot;,&quot;top&quot;:&quot;&quot;,&quot;right&quot;:&quot;&quot;,&quot;bottom&quot;:&quot;&quot;,&quot;left&quot;:&quot;&quot;,&quot;isLinked&quot;:true},&quot;element_pack_global_tooltip_border_radius_tablet&quot;:{&quot;unit&quot;:&quot;px&quot;,&quot;top&quot;:&quot;&quot;,&quot;right&quot;:&quot;&quot;,&quot;bottom&quot;:&quot;&quot;,&quot;left&quot;:&quot;&quot;,&quot;isLinked&quot;:true},&quot;element_pack_global_tooltip_border_radius_mobile&quot;:{&quot;unit&quot;:&quot;px&quot;,&quot;top&quot;:&quot;&quot;,&quot;right&quot;:&quot;&quot;,&quot;bottom&quot;:&quot;&quot;,&quot;left&quot;:&quot;&quot;,&quot;isLinked&quot;:true}}\" data-elementor-post-type=\"page\">\n\t\t\t\t\t\t<section data-particle_enable=\"false\" data-particle-mobile-disabled=\"false\" class=\"elementor-section elementor-top-section elementor-element elementor-element-55135a55 elementor-section-boxed elementor-section-height-default elementor-section-height-default\" data-id=\"55135a55\" data-element_type=\"section\" data-e-type=\"section\" data-settings=\"{&quot;background_background&quot;:&quot;classic&quot;,&quot;jet_parallax_layout_list&quot;:[],&quot;ekit_has_onepagescroll_dot&quot;:&quot;yes&quot;}\">\n\t\t\t\t\t\t<div class=\"elementor-container elementor-column-gap-default\">\n\t\t\t\t\t<div class=\"elementor-column elementor-col-100 elementor-top-column elementor-element elementor-element-3561ce8d\" data-id=\"3561ce8d\" data-element_type=\"column\" data-e-type=\"column\">\n\t\t\t<div class=\"elementor-widget-wrap elementor-element-populated\">\n\t\t\t\t\t\t<div class=\"elementor-element elementor-element-57a76413 elementor-widget elementor-widget-narestaurant_unique_food_menu\" data-id=\"57a76413\" data-element_type=\"widget\" data-e-type=\"widget\" data-settings=\"{&quot;ekit_we_effect_on&quot;:&quot;none&quot;}\" data-widget_type=\"narestaurant_unique_food_menu.default\">\n\t\t\t\t<div class=\"elementor-widget-container\">\n\t\t\t\t\t<div class=\"narep-food-menu-wrap food-menu-two\"><div class=\"nich-row nich-align-items-center\"><div class=\"nich-col-lg-4\">\n\t\t\t\t\t\t\t\t\t\t\t\t\t\t\t\t\t\t<div class=\"narep-food-menu-item-wrap zoom-image hav-img non-veg food-indicator\">\n\t\t\t\t\t\t\t\t\t\t\t\t              <h5 class=\"food-label\">Trending<\/h5><div class=\"narep-food-menu-item\"><div class=\"narep-image narep-popup\"><a href=\"https:\/\/chimikingrestaurant.com\/wp-content\/uploads\/2023\/01\/Chimiking-Mojitos.png\"><img decoding=\"async\" src=\"https:\/\/chimikingrestaurant.com\/wp-content\/uploads\/2023\/01\/Chimiking-Mojitos.png\" alt=\"Mojitos\"><\/a><\/div><span class=\"food-price\">$10.99<\/span><\/div><div class=\"narep-food-menu-info\"><h4 class=\"narep-food-menu-title\"><a href=\"https:\/\/chimikingrestaurant.com\/es\/order-by-location\/\" target=\"_blank\" >Mojitos<\/a><\/h4><p>Un c\u00f3ctel refrescante, mezclando h\u00e1bilmente con lim\u00f3n picante, menta fresca, ron blanco y su selecci\u00f3n de fresa, u otras frutas tropicales <\/p><\/div><div class=\"narep-btn-wrap\"><a href=\"https:\/\/chimikingrestaurant.com\/es\/order-by-location\/\" target=\"_blank\"  class=\"narep-btn black-btn\">Order Online<\/a><\/div>\n\t\t\t\t\t\t\t\t\t\t\t\t            <\/div>\n\t\t\t\t\t\t\t\t\t\t\t            <\/div><div class=\"nich-col-lg-4\">\n\t\t\t\t\t\t\t\t\t\t\t\t\t\t\t\t\t\t<div class=\"narep-food-menu-item-wrap zoom-image hav-img non-veg food-indicator\">\n\t\t\t\t\t\t\t\t\t\t\t\t              <h5 class=\"food-label\">Trending<\/h5><div class=\"narep-food-menu-item\"><div class=\"narep-image narep-popup\"><a href=\"https:\/\/chimikingrestaurant.com\/wp-content\/uploads\/2023\/01\/Chimiking-BEBIDAS-Pina-Colada-1.png\"><img decoding=\"async\" src=\"https:\/\/chimikingrestaurant.com\/wp-content\/uploads\/2023\/01\/Chimiking-BEBIDAS-Pina-Colada-1.png\" alt=\"Pi\u00f1a Colada (Alcohol)\"><\/a><\/div><span class=\"food-price\">$10.99<\/span><\/div><div class=\"narep-food-menu-info\"><h4 class=\"narep-food-menu-title\"><a href=\"https:\/\/chimikingrestaurant.com\/es\/order-by-location\/\" target=\"_blank\" >Pi\u00f1a Colada (Alcohol)<\/a><\/h4><p>Un c\u00f3ctel tropical mezclando coco cremoso, pi\u00f1a dulce, hielo helado, de textura aterciopelada y con ron blanco suave, servido en hermoso cristal<\/p><\/div><div class=\"narep-btn-wrap\"><a href=\"https:\/\/chimikingrestaurant.com\/es\/order-by-location\/\" target=\"_blank\"  class=\"narep-btn black-btn\">Order Online<\/a><\/div>\n\t\t\t\t\t\t\t\t\t\t\t\t            <\/div>\n\t\t\t\t\t\t\t\t\t\t\t            <\/div><div class=\"nich-col-lg-4\">\n\t\t\t\t\t\t\t\t\t\t\t\t\t\t\t\t\t\t<div class=\"narep-food-menu-item-wrap zoom-image hav-img non-veg food-indicator\">\n\t\t\t\t\t\t\t\t\t\t\t\t              <h5 class=\"food-label\">Trending<\/h5><div class=\"narep-food-menu-item\"><div class=\"narep-image narep-popup\"><a href=\"https:\/\/chimikingrestaurant.com\/wp-content\/uploads\/2023\/01\/Chimiking-COCTELES-Long-Island-Ice-Tea.png\"><img decoding=\"async\" src=\"https:\/\/chimikingrestaurant.com\/wp-content\/uploads\/2023\/01\/Chimiking-COCTELES-Long-Island-Ice-Tea.png\" alt=\"Long Island Ice Tea\"><\/a><\/div><span class=\"food-price\">$10.99<\/span><\/div><div class=\"narep-food-menu-info\"><h4 class=\"narep-food-menu-title\"><a href=\"https:\/\/chimikingrestaurant.com\/es\/order-by-location\/\" target=\"_blank\" >Long Island Ice Tea<\/a><\/h4><p>Un c\u00f3ctel potente y refrescante, que combina un chorrito de cola y lim\u00f3n picante para aquellos que buscan una libaci\u00f3n en\u00e9rgica<\/p><\/div><div class=\"narep-btn-wrap\"><a href=\"https:\/\/chimikingrestaurant.com\/es\/order-by-location\/\" target=\"_blank\"  class=\"narep-btn black-btn\">Order Online<\/a><\/div>\n\t\t\t\t\t\t\t\t\t\t\t\t            <\/div>\n\t\t\t\t\t\t\t\t\t\t\t            <\/div><div class=\"nich-col-lg-4\">\n\t\t\t\t\t\t\t\t\t\t\t\t\t\t\t\t\t\t<div class=\"narep-food-menu-item-wrap zoom-image hav-img non-veg food-indicator\">\n\t\t\t\t\t\t\t\t\t\t\t\t              <h5 class=\"food-label\">Trending<\/h5><div class=\"narep-food-menu-item\"><div class=\"narep-image narep-popup\"><a href=\"https:\/\/chimikingrestaurant.com\/wp-content\/uploads\/2023\/01\/Chimiking-COCTELES-Sex-on-the-Brach.png\"><img decoding=\"async\" src=\"https:\/\/chimikingrestaurant.com\/wp-content\/uploads\/2023\/01\/Chimiking-COCTELES-Sex-on-the-Brach.png\" alt=\"Sex On The Beach\"><\/a><\/div><span class=\"food-price\">$10.99<\/span><\/div><div class=\"narep-food-menu-info\"><h4 class=\"narep-food-menu-title\"><a href=\"https:\/\/chimikingrestaurant.com\/es\/order-by-location\/\" target=\"_blank\" >Sexo en La Playa<\/a><\/h4><p>Un c\u00f3ctel tentador que mezcla frutas suculentas, jugo de naranja y ar\u00e1ndano dulce, una opci\u00f3n perfecta para una celebraci\u00f3n ba\u00f1ada por el sol<\/p><\/div><div class=\"narep-btn-wrap\"><a href=\"https:\/\/chimikingrestaurant.com\/es\/order-by-location\/\" target=\"_blank\"  class=\"narep-btn black-btn\">Order Online<\/a><\/div>\n\t\t\t\t\t\t\t\t\t\t\t\t            <\/div>\n\t\t\t\t\t\t\t\t\t\t\t            <\/div><div class=\"nich-col-lg-4\">\n\t\t\t\t\t\t\t\t\t\t\t\t\t\t\t\t\t\t<div class=\"narep-food-menu-item-wrap zoom-image hav-img non-veg food-indicator\">\n\t\t\t\t\t\t\t\t\t\t\t\t              <h5 class=\"food-label\">Trending<\/h5><div class=\"narep-food-menu-item\"><div class=\"narep-image narep-popup\"><a href=\"https:\/\/chimikingrestaurant.com\/wp-content\/uploads\/2023\/01\/COCTELES-Cuba-Libre.png\"><img decoding=\"async\" src=\"https:\/\/chimikingrestaurant.com\/wp-content\/uploads\/2023\/01\/COCTELES-Cuba-Libre.png\" alt=\"Cuba Libre\"><\/a><\/div><span class=\"food-price\">$8.99<\/span><\/div><div class=\"narep-food-menu-info\"><h4 class=\"narep-food-menu-title\"><a href=\"https:\/\/chimikingrestaurant.com\/es\/order-by-location\/\" target=\"_blank\" >Cuba Libre<\/a><\/h4><p>Un c\u00f3ctel cl\u00e1sico y efervescente, que combina un ron rico y oscuro con lim\u00f3n y cola burbujeante.  Elecci\u00f3n perfecta para una bebida r\u00e1pida<\/p><\/div><div class=\"narep-btn-wrap\"><a href=\"https:\/\/chimikingrestaurant.com\/es\/order-by-location\/\" target=\"_blank\"  class=\"narep-btn black-btn\">Order Online<\/a><\/div>\n\t\t\t\t\t\t\t\t\t\t\t\t            <\/div>\n\t\t\t\t\t\t\t\t\t\t\t            <\/div><div class=\"nich-col-lg-4\">\n\t\t\t\t\t\t\t\t\t\t\t\t\t\t\t\t\t\t<div class=\"narep-food-menu-item-wrap zoom-image hav-img non-veg food-indicator\">\n\t\t\t\t\t\t\t\t\t\t\t\t              <h5 class=\"food-label\">Trending<\/h5><div class=\"narep-food-menu-item\"><div class=\"narep-image narep-popup\"><a href=\"https:\/\/chimikingrestaurant.com\/wp-content\/uploads\/2023\/01\/Chimiking-COCTELES-Orgasmo.png\"><img decoding=\"async\" src=\"https:\/\/chimikingrestaurant.com\/wp-content\/uploads\/2023\/01\/Chimiking-COCTELES-Orgasmo.png\" alt=\"Orgasmo\"><\/a><\/div><span class=\"food-price\">$10.99<\/span><\/div><div class=\"narep-food-menu-info\"><h4 class=\"narep-food-menu-title\"><a href=\"https:\/\/chimikingrestaurant.com\/es\/order-by-location\/\" target=\"_blank\" >Orgasmo<\/a><\/h4><p>Una deliciosa mezcla de sabores, c\u00f3ctel en capas, licor de caf\u00e9 con una rica mezcla aterciopelada de crema irlandesa y suave y rico sabor al amaretto<\/p><\/div><div class=\"narep-btn-wrap\"><a href=\"https:\/\/chimikingrestaurant.com\/es\/order-by-location\/\" target=\"_blank\"  class=\"narep-btn black-btn\">Order Online<\/a><\/div>\n\t\t\t\t\t\t\t\t\t\t\t\t            <\/div>\n\t\t\t\t\t\t\t\t\t\t\t            <\/div><div class=\"nich-col-lg-4\">\n\t\t\t\t\t\t\t\t\t\t\t\t\t\t\t\t\t\t<div class=\"narep-food-menu-item-wrap zoom-image hav-img non-veg food-indicator\">\n\t\t\t\t\t\t\t\t\t\t\t\t              <h5 class=\"food-label\">Trending<\/h5><div class=\"narep-food-menu-item\"><div class=\"narep-image narep-popup\"><a href=\"https:\/\/chimikingrestaurant.com\/wp-content\/uploads\/2023\/01\/Chimiking-COCTELES-Margarita.png\"><img decoding=\"async\" src=\"https:\/\/chimikingrestaurant.com\/wp-content\/uploads\/2023\/01\/Chimiking-COCTELES-Margarita.png\" alt=\"Margarita\"><\/a><\/div><span class=\"food-price\">$10.99<\/span><\/div><div class=\"narep-food-menu-info\"><h4 class=\"narep-food-menu-title\"><a href=\"https:\/\/chimikingrestaurant.com\/es\/order-by-location\/\" target=\"_blank\" >Margarita<\/a><\/h4><p>Un c\u00f3ctel vibrante y refrescante, mezclando lim\u00f3n, tequila suave y licor de naranja, servido en vidrio salado<\/p><\/div><div class=\"narep-btn-wrap\"><a href=\"https:\/\/chimikingrestaurant.com\/es\/order-by-location\/\" target=\"_blank\"  class=\"narep-btn black-btn\">Order Online<\/a><\/div>\n\t\t\t\t\t\t\t\t\t\t\t\t            <\/div>\n\t\t\t\t\t\t\t\t\t\t\t            <\/div><div class=\"nich-col-lg-4\">\n\t\t\t\t\t\t\t\t\t\t\t\t\t\t\t\t\t\t<div class=\"narep-food-menu-item-wrap zoom-image hav-img non-veg food-indicator\">\n\t\t\t\t\t\t\t\t\t\t\t\t              <h5 class=\"food-label\">Trending<\/h5><div class=\"narep-food-menu-item\"><div class=\"narep-image narep-popup\"><a href=\"https:\/\/chimikingrestaurant.com\/wp-content\/uploads\/2023\/01\/COCTELES-Old-Fashion-2.png\"><img decoding=\"async\" src=\"https:\/\/chimikingrestaurant.com\/wp-content\/uploads\/2023\/01\/COCTELES-Old-Fashion-2.png\" alt=\"Old Fashion\"><\/a><\/div><span class=\"food-price\">$11.99<\/span><\/div><div class=\"narep-food-menu-info\"><h4 class=\"narep-food-menu-title\"><a href=\"https:\/\/chimikingrestaurant.com\/es\/order-by-location\/\" target=\"_blank\" >Old Fashion<\/a><\/h4><p>Whisky, Amaro Di Angostura, aroma y sabor agridulce hecho con una mezcla secreta de hierbas y especias<\/p><\/div><div class=\"narep-btn-wrap\"><a href=\"https:\/\/chimikingrestaurant.com\/es\/order-by-location\/\" target=\"_blank\"  class=\"narep-btn black-btn\">Order Online<\/a><\/div>\n\t\t\t\t\t\t\t\t\t\t\t\t            <\/div>\n\t\t\t\t\t\t\t\t\t\t\t            <\/div><div class=\"nich-col-lg-4\">\n\t\t\t\t\t\t\t\t\t\t\t\t\t\t\t\t\t\t<div class=\"narep-food-menu-item-wrap zoom-image hav-img non-veg food-indicator\">\n\t\t\t\t\t\t\t\t\t\t\t\t              <h5 class=\"food-label\">Trending<\/h5><div class=\"narep-food-menu-item\"><div class=\"narep-image narep-popup\"><a href=\"https:\/\/chimikingrestaurant.com\/wp-content\/uploads\/2023\/01\/Chimiking-Old-Fashion.png\"><img decoding=\"async\" src=\"https:\/\/chimikingrestaurant.com\/wp-content\/uploads\/2023\/01\/Chimiking-Old-Fashion.png\" alt=\"Barcelo Old Fashion\"><\/a><\/div><span class=\"food-price\">$10.99<\/span><\/div><div class=\"narep-food-menu-info\"><h4 class=\"narep-food-menu-title\"><a href=\"https:\/\/chimikingrestaurant.com\/es\/order-by-location\/\" target=\"_blank\" >Barcelo Old Fashion<\/a><\/h4><p>Toque de cultura dominicana con sabor a Angostura, syrup de az\u00facar y toque de c\u00e1scara de naranja en delicia fresca<\/p><\/div><div class=\"narep-btn-wrap\"><a href=\"https:\/\/chimikingrestaurant.com\/es\/order-by-location\/\" target=\"_blank\"  class=\"narep-btn black-btn\">Order Online<\/a><\/div>\n\t\t\t\t\t\t\t\t\t\t\t\t            <\/div>\n\t\t\t\t\t\t\t\t\t\t\t            <\/div><div class=\"nich-col-lg-4\">\n\t\t\t\t\t\t\t\t\t\t\t\t\t\t\t\t\t\t<div class=\"narep-food-menu-item-wrap zoom-image hav-img non-veg food-indicator\">\n\t\t\t\t\t\t\t\t\t\t\t\t              <h5 class=\"food-label\">Trending<\/h5><div class=\"narep-food-menu-item\"><div class=\"narep-image narep-popup\"><a href=\"https:\/\/chimikingrestaurant.com\/wp-content\/uploads\/2023\/01\/Chimiking-COCTELES-Blue-Hawaiian.png\"><img decoding=\"async\" src=\"https:\/\/chimikingrestaurant.com\/wp-content\/uploads\/2023\/01\/Chimiking-COCTELES-Blue-Hawaiian.png\" alt=\"Blue Hawaiian\"><\/a><\/div><span class=\"food-price\">$10.99<\/span><\/div><div class=\"narep-food-menu-info\"><h4 class=\"narep-food-menu-title\"><a href=\"https:\/\/chimikingrestaurant.com\/es\/order-by-location\/\" target=\"_blank\" >Blue Hawaiian<\/a><\/h4><p>Un c\u00f3ctel, mezclando ginebra crujiente o vodka con un toque de vermut seco, servido en un elegante vaso <\/p><\/div><div class=\"narep-btn-wrap\"><a href=\"https:\/\/chimikingrestaurant.com\/es\/order-by-location\/\" target=\"_blank\"  class=\"narep-btn black-btn\">Order Online<\/a><\/div>\n\t\t\t\t\t\t\t\t\t\t\t\t            <\/div>\n\t\t\t\t\t\t\t\t\t\t\t            <\/div><div class=\"nich-col-lg-4\">\n\t\t\t\t\t\t\t\t\t\t\t\t\t\t\t\t\t\t<div class=\"narep-food-menu-item-wrap zoom-image hav-img non-veg food-indicator\">\n\t\t\t\t\t\t\t\t\t\t\t\t              <h5 class=\"food-label\">Trending<\/h5><div class=\"narep-food-menu-item\"><div class=\"narep-image narep-popup\"><a href=\"https:\/\/chimikingrestaurant.com\/wp-content\/uploads\/2023\/01\/COCTELES-Martini.png\"><img decoding=\"async\" src=\"https:\/\/chimikingrestaurant.com\/wp-content\/uploads\/2023\/01\/COCTELES-Martini.png\" alt=\"Martini\"><\/a><\/div><span class=\"food-price\">$10.99<\/span><\/div><div class=\"narep-food-menu-info\"><h4 class=\"narep-food-menu-title\"><a href=\"https:\/\/chimikingrestaurant.com\/es\/order-by-location\/\" target=\"_blank\" >Martini<\/a><\/h4><p>C\u00f3ctel sofisticado, mezclando ginebra crujiente o vodka con un toque de vermut seco en un vaso elegante. <\/p><\/div><div class=\"narep-btn-wrap\"><a href=\"https:\/\/chimikingrestaurant.com\/es\/order-by-location\/\" target=\"_blank\"  class=\"narep-btn black-btn\">Order Online<\/a><\/div>\n\t\t\t\t\t\t\t\t\t\t\t\t            <\/div>\n\t\t\t\t\t\t\t\t\t\t\t            <\/div><div class=\"nich-col-lg-4\">\n\t\t\t\t\t\t\t\t\t\t\t\t\t\t\t\t\t\t<div class=\"narep-food-menu-item-wrap zoom-image hav-img non-veg food-indicator\">\n\t\t\t\t\t\t\t\t\t\t\t\t              <h5 class=\"food-label\">Trending<\/h5><div class=\"narep-food-menu-item\"><div class=\"narep-image narep-popup\"><a href=\"https:\/\/chimikingrestaurant.com\/wp-content\/uploads\/2023\/01\/Chimiking-COCTELES-Moscow-Mule.png\"><img decoding=\"async\" src=\"https:\/\/chimikingrestaurant.com\/wp-content\/uploads\/2023\/01\/Chimiking-COCTELES-Moscow-Mule.png\" alt=\"Moscow Mule\"><\/a><\/div><span class=\"food-price\">$11.99<\/span><\/div><div class=\"narep-food-menu-info\"><h4 class=\"narep-food-menu-title\"><a href=\"https:\/\/chimikingrestaurant.com\/es\/order-by-location\/\" target=\"_blank\" >Moscow Mule<\/a><\/h4><p>Un c\u00f3ctel refrescante, mezclando vodka suave, jugo de lim\u00f3n y jengibre picante. Servido en jarra con toque de menta<\/p><\/div><div class=\"narep-btn-wrap\"><a href=\"https:\/\/chimikingrestaurant.com\/es\/order-by-location\/\" target=\"_blank\"  class=\"narep-btn black-btn\">Order Online<\/a><\/div>\n\t\t\t\t\t\t\t\t\t\t\t\t            <\/div>\n\t\t\t\t\t\t\t\t\t\t\t            <\/div><div class=\"nich-col-lg-4\">\n\t\t\t\t\t\t\t\t\t\t\t\t\t\t\t\t\t\t<div class=\"narep-food-menu-item-wrap zoom-image hav-img non-veg food-indicator\">\n\t\t\t\t\t\t\t\t\t\t\t\t              <h5 class=\"food-label\">Tropical Flavors<\/h5><div class=\"narep-food-menu-item\"><div class=\"narep-image narep-popup\"><a href=\"https:\/\/chimikingrestaurant.com\/wp-content\/uploads\/2023\/01\/COCTELES-Mimosa.png\"><img decoding=\"async\" src=\"https:\/\/chimikingrestaurant.com\/wp-content\/uploads\/2023\/01\/COCTELES-Mimosa.png\" alt=\"Mimosas\"><\/a><\/div><span class=\"food-price\">$6.99<\/span><\/div><div class=\"narep-food-menu-info\"><h4 class=\"narep-food-menu-title\"><a href=\"https:\/\/chimikingrestaurant.com\/es\/order-by-location\/\" target=\"_blank\" >Mimosas<\/a><\/h4><p>Un c\u00f3ctel encantador y efervescente, que combina elegantemente sabores tropicales con vino espumoso o champ\u00e1n en una copa alta y estilizada.<\/p><\/div><div class=\"narep-btn-wrap\"><a href=\"https:\/\/chimikingrestaurant.com\/es\/order-by-location\/\" target=\"_blank\"  class=\"narep-btn black-btn\">Order Online<\/a><\/div>\n\t\t\t\t\t\t\t\t\t\t\t\t            <\/div>\n\t\t\t\t\t\t\t\t\t\t\t            <\/div><\/div><\/div>\t\t\t\t<\/div>\n\t\t\t\t<\/div>\n\t\t\t\t\t<\/div>\n\t\t<\/div>\n\t\t\t\t\t<\/div>\n\t\t<\/section>\n\t\t\t\t<\/div>","protected":false},"excerpt":{"rendered":"<p>Trending $10.99 Mojitos A refreshing cocktail, expertly blending zesty lime, fresh mint, white rum, and your pick of strawberry, citrus, tropical, and more Order Online Trending $10.99 Pi\u00f1a Colada (Alcohol) A tropical cocktail with creamy coconut, sweet pineapple, frosty ice, velvety texture, and smooth white rum. Order Online Trending $10.99 Long Island Ice Tea A&#8230;<\/p>","protected":false},"author":1,"featured_media":0,"parent":0,"menu_order":0,"comment_status":"closed","ping_status":"closed","template":"elementor_canvas","meta":{"footnotes":""},"class_list":["post-7113","page","type-page","status-publish","hentry"],"_links":{"self":[{"href":"https:\/\/chimikingrestaurant.com\/es\/wp-json\/wp\/v2\/pages\/7113","targetHints":{"allow":["GET"]}}],"collection":[{"href":"https:\/\/chimikingrestaurant.com\/es\/wp-json\/wp\/v2\/pages"}],"about":[{"href":"https:\/\/chimikingrestaurant.com\/es\/wp-json\/wp\/v2\/types\/page"}],"author":[{"embeddable":true,"href":"https:\/\/chimikingrestaurant.com\/es\/wp-json\/wp\/v2\/users\/1"}],"replies":[{"embeddable":true,"href":"https:\/\/chimikingrestaurant.com\/es\/wp-json\/wp\/v2\/comments?post=7113"}],"version-history":[{"count":0,"href":"https:\/\/chimikingrestaurant.com\/es\/wp-json\/wp\/v2\/pages\/7113\/revisions"}],"wp:attachment":[{"href":"https:\/\/chimikingrestaurant.com\/es\/wp-json\/wp\/v2\/media?parent=7113"}],"curies":[{"name":"wp","href":"https:\/\/api.w.org\/{rel}","templated":true}]}}