{"id":7118,"date":"2023-09-19T17:57:08","date_gmt":"2023-09-19T17:57:08","guid":{"rendered":"https:\/\/chimikingrestaurant.com\/?page_id=7118"},"modified":"2023-09-19T17:57:15","modified_gmt":"2023-09-19T17:57:15","slug":"display-menu-liquors","status":"publish","type":"page","link":"https:\/\/chimikingrestaurant.com\/es\/display-menu-liquors\/","title":{"rendered":"display-menu-liquors"},"content":{"rendered":"<style>.elementor-7118 .elementor-element.elementor-element-2d8295ef{overflow:visible;transition:background 0.3s, border 0.3s, border-radius 0.3s, box-shadow 0.3s;margin-top:-20px;margin-bottom:20px;padding:0px 0px 0px 45px;}.elementor-7118 .elementor-element.elementor-element-2d8295ef:not(.elementor-motion-effects-element-type-background), .elementor-7118 .elementor-element.elementor-element-2d8295ef > .elementor-motion-effects-container > .elementor-motion-effects-layer{background-color:var( --e-global-color-primary );}.elementor-7118 .elementor-element.elementor-element-2d8295ef > .elementor-background-overlay{transition:background 0.3s, border-radius 0.3s, opacity 0.3s;}.elementor-7118 .elementor-element.elementor-element-57c16743 .narep-food-menu-item-wrap{margin:0px 0px 10px 0px;padding:30px 30px 30px 30px;box-shadow:0px 0px 10px 0px rgba(0, 0, 0, 0.3);}.elementor-7118 .elementor-element.elementor-element-57c16743 .narep-food-menu-item-wrap, .elementor-7118 .elementor-element.elementor-element-57c16743 .narep-food-menu-item-wrap .food-title, .elementor-7118 .elementor-element.elementor-element-57c16743 .narep-food-menu-item-wrap .food-price{background-color:var( --e-global-color-a69298f );}.elementor-7118 .elementor-element.elementor-element-57c16743 .narep-food-menu-item .narep-image{border-radius:0px 0px 0px 0px;}.elementor-7118 .elementor-element.elementor-element-57c16743 .narep-food-menu-info h4{margin:10px 0px 0px 0px;}.elementor-7118 .elementor-element.elementor-element-57c16743 .narep-food-menu-wrap .food-price, .elementor-7118 .elementor-element.elementor-element-57c16743 .narep-food-menu-wrap .food-price span{background-color:var( --e-global-color-accent );}.elementor-7118 .elementor-element.elementor-element-57c16743 .food-price{color:var( --e-global-color-51c8760 );}.elementor-7118 .elementor-element.elementor-element-57c16743 .food-label{padding:-1px -1px -1px -1px;}.elementor-7118 .elementor-element.elementor-element-57c16743 .narep-food-menu-info p{padding:10px 0px 10px 0px;}.elementor-7118 .elementor-element.elementor-element-57c16743 .narep-btn{color:var( --e-global-color-primary );background-color:var( --e-global-color-accent );}.elementor-7118 .elementor-element.elementor-element-57c16743 .narep-btn:hover{background-color:var( --e-global-color-d652f2f );}.elementor-7118 .elementor-element.elementor-element-57c16743 > .elementor-widget-container{margin:0px 0px 0px 0px;}.elementor-widget .tippy-tooltip .tippy-content{text-align:center;}@media(max-width:767px){.elementor-7118 .elementor-element.elementor-element-2d8295ef{padding:0px 0px 0px 0px;}.elementor-7118 .elementor-element.elementor-element-57c16743 .narep-food-menu-item-wrap{margin:0px 0px 10px 0px;}.elementor-7118 .elementor-element.elementor-element-57c16743 .narep-food-menu-info h4{margin:-20px 0px 10px 0px;}.elementor-7118 .elementor-element.elementor-element-57c16743 > .elementor-widget-container{margin:0px 10px 0px 0px;}}<\/style>\t\t<div data-elementor-type=\"wp-page\" data-elementor-id=\"7118\" class=\"elementor elementor-7118\" data-elementor-settings=\"{&quot;element_pack_global_tooltip_width&quot;:{&quot;unit&quot;:&quot;px&quot;,&quot;size&quot;:&quot;&quot;,&quot;sizes&quot;:[]},&quot;element_pack_global_tooltip_width_tablet&quot;:{&quot;unit&quot;:&quot;px&quot;,&quot;size&quot;:&quot;&quot;,&quot;sizes&quot;:[]},&quot;element_pack_global_tooltip_width_mobile&quot;:{&quot;unit&quot;:&quot;px&quot;,&quot;size&quot;:&quot;&quot;,&quot;sizes&quot;:[]},&quot;element_pack_global_tooltip_padding&quot;:{&quot;unit&quot;:&quot;px&quot;,&quot;top&quot;:&quot;&quot;,&quot;right&quot;:&quot;&quot;,&quot;bottom&quot;:&quot;&quot;,&quot;left&quot;:&quot;&quot;,&quot;isLinked&quot;:true},&quot;element_pack_global_tooltip_padding_tablet&quot;:{&quot;unit&quot;:&quot;px&quot;,&quot;top&quot;:&quot;&quot;,&quot;right&quot;:&quot;&quot;,&quot;bottom&quot;:&quot;&quot;,&quot;left&quot;:&quot;&quot;,&quot;isLinked&quot;:true},&quot;element_pack_global_tooltip_padding_mobile&quot;:{&quot;unit&quot;:&quot;px&quot;,&quot;top&quot;:&quot;&quot;,&quot;right&quot;:&quot;&quot;,&quot;bottom&quot;:&quot;&quot;,&quot;left&quot;:&quot;&quot;,&quot;isLinked&quot;:true},&quot;element_pack_global_tooltip_border_radius&quot;:{&quot;unit&quot;:&quot;px&quot;,&quot;top&quot;:&quot;&quot;,&quot;right&quot;:&quot;&quot;,&quot;bottom&quot;:&quot;&quot;,&quot;left&quot;:&quot;&quot;,&quot;isLinked&quot;:true},&quot;element_pack_global_tooltip_border_radius_tablet&quot;:{&quot;unit&quot;:&quot;px&quot;,&quot;top&quot;:&quot;&quot;,&quot;right&quot;:&quot;&quot;,&quot;bottom&quot;:&quot;&quot;,&quot;left&quot;:&quot;&quot;,&quot;isLinked&quot;:true},&quot;element_pack_global_tooltip_border_radius_mobile&quot;:{&quot;unit&quot;:&quot;px&quot;,&quot;top&quot;:&quot;&quot;,&quot;right&quot;:&quot;&quot;,&quot;bottom&quot;:&quot;&quot;,&quot;left&quot;:&quot;&quot;,&quot;isLinked&quot;:true}}\" data-elementor-post-type=\"page\">\n\t\t\t\t\t\t<section data-particle_enable=\"false\" data-particle-mobile-disabled=\"false\" class=\"elementor-section elementor-top-section elementor-element elementor-element-2d8295ef elementor-section-boxed elementor-section-height-default elementor-section-height-default\" data-id=\"2d8295ef\" data-element_type=\"section\" data-e-type=\"section\" data-settings=\"{&quot;background_background&quot;:&quot;classic&quot;,&quot;jet_parallax_layout_list&quot;:[],&quot;ekit_has_onepagescroll_dot&quot;:&quot;yes&quot;}\">\n\t\t\t\t\t\t<div class=\"elementor-container elementor-column-gap-default\">\n\t\t\t\t\t<div class=\"elementor-column elementor-col-100 elementor-top-column elementor-element elementor-element-3c06919\" data-id=\"3c06919\" data-element_type=\"column\" data-e-type=\"column\">\n\t\t\t<div class=\"elementor-widget-wrap elementor-element-populated\">\n\t\t\t\t\t\t<div class=\"elementor-element elementor-element-57c16743 elementor-widget elementor-widget-narestaurant_unique_food_menu\" data-id=\"57c16743\" data-element_type=\"widget\" data-e-type=\"widget\" data-settings=\"{&quot;ekit_we_effect_on&quot;:&quot;none&quot;}\" data-widget_type=\"narestaurant_unique_food_menu.default\">\n\t\t\t\t<div class=\"elementor-widget-container\">\n\t\t\t\t\t<div class=\"narep-food-menu-wrap food-menu-two\"><div class=\"nich-row nich-align-items-center\"><div class=\"nich-col-lg-4\">\n\t\t\t\t\t\t\t\t\t\t\t\t\t\t\t\t\t\t<div class=\"narep-food-menu-item-wrap zoom-image hav-img non-veg food-indicator\">\n\t\t\t\t\t\t\t\t\t\t\t\t              <h5 class=\"food-label\">Whisper Lakes Only<\/h5><div class=\"narep-food-menu-item\"><div class=\"narep-image narep-popup\"><a href=\"https:\/\/chimikingrestaurant.com\/wp-content\/uploads\/2023\/01\/Chimiking-Whiskey-a-la-Roca.png\"><img decoding=\"async\" src=\"https:\/\/chimikingrestaurant.com\/wp-content\/uploads\/2023\/01\/Chimiking-Whiskey-a-la-Roca.png\" alt=\"Whiskey On The Rocks\"><\/a><\/div><span class=\"food-price\">$9.99<\/span><\/div><div class=\"narep-food-menu-info\"><h4 class=\"narep-food-menu-title\"><a href=\"https:\/\/chimikingrestaurant.com\/es\/order-by-location\/\" target=\"_blank\" >Whiskey On The Rocks<\/a><\/h4><p>Whisky cl\u00e1sico para diluir sobre hielo para un sabor m\u00e1s refrescante. Excelente y suave para compartir con familiares y amigos <\/p><\/div><div class=\"narep-btn-wrap\"><a href=\"https:\/\/chimikingrestaurant.com\/es\/order-by-location\/\" target=\"_blank\"  class=\"narep-btn black-btn\">Order Online<\/a><\/div>\n\t\t\t\t\t\t\t\t\t\t\t\t            <\/div>\n\t\t\t\t\t\t\t\t\t\t\t            <\/div><div class=\"nich-col-lg-4\">\n\t\t\t\t\t\t\t\t\t\t\t\t\t\t\t\t\t\t<div class=\"narep-food-menu-item-wrap zoom-image hav-img non-veg food-indicator\">\n\t\t\t\t\t\t\t\t\t\t\t\t              <h5 class=\"food-label\">Whisper Lakes Only<\/h5><div class=\"narep-food-menu-item\"><div class=\"narep-image narep-popup\"><a href=\"https:\/\/chimikingrestaurant.com\/wp-content\/uploads\/2023\/01\/Chimiking-Vodka-a-la-Roca.png\"><img decoding=\"async\" src=\"https:\/\/chimikingrestaurant.com\/wp-content\/uploads\/2023\/01\/Chimiking-Vodka-a-la-Roca.png\" alt=\"Vodka On The Rocks\"><\/a><\/div><span class=\"food-price\">$9.99<\/span><\/div><div class=\"narep-food-menu-info\"><h4 class=\"narep-food-menu-title\"><a href=\"https:\/\/chimikingrestaurant.com\/es\/order-by-location\/\" target=\"_blank\" >Vodka On The Rocks<\/a><\/h4><p>Sabrosa esencia neutral sin sabor fuerte, pero  con refrescante sabor a vodka para mezclar con lim\u00f3n y buena compa\u00f1\u00eda <\/p><\/div><div class=\"narep-btn-wrap\"><a href=\"https:\/\/chimikingrestaurant.com\/es\/order-by-location\/\" target=\"_blank\"  class=\"narep-btn black-btn\">Order Online<\/a><\/div>\n\t\t\t\t\t\t\t\t\t\t\t\t            <\/div>\n\t\t\t\t\t\t\t\t\t\t\t            <\/div><div class=\"nich-col-lg-4\">\n\t\t\t\t\t\t\t\t\t\t\t\t\t\t\t\t\t\t<div class=\"narep-food-menu-item-wrap zoom-image hav-img non-veg food-indicator\">\n\t\t\t\t\t\t\t\t\t\t\t\t              <h5 class=\"food-label\">Whisper Lakes Only<\/h5><div class=\"narep-food-menu-item\"><div class=\"narep-image narep-popup\"><a href=\"https:\/\/chimikingrestaurant.com\/wp-content\/uploads\/2023\/01\/Chimiking-Ron-a-la-Roca.png\"><img decoding=\"async\" src=\"https:\/\/chimikingrestaurant.com\/wp-content\/uploads\/2023\/01\/Chimiking-Ron-a-la-Roca.png\" alt=\"Rum On the Rocks\"><\/a><\/div><span class=\"food-price\">$9.99<\/span><\/div><div class=\"narep-food-menu-info\"><h4 class=\"narep-food-menu-title\"><a href=\"https:\/\/chimikingrestaurant.com\/es\/order-by-location\/\" target=\"_blank\" >Rum On the Rocks<\/a><\/h4><p>Delicioso sabor refrescante de licores de ca\u00f1a de az\u00facar y especies tropicales. Perfecto para empezar algo.<\/p><\/div><div class=\"narep-btn-wrap\"><a href=\"https:\/\/chimikingrestaurant.com\/es\/order-by-location\/\" target=\"_blank\"  class=\"narep-btn black-btn\">Order Online<\/a><\/div>\n\t\t\t\t\t\t\t\t\t\t\t\t            <\/div>\n\t\t\t\t\t\t\t\t\t\t\t            <\/div><div class=\"nich-col-lg-4\">\n\t\t\t\t\t\t\t\t\t\t\t\t\t\t\t\t\t\t<div class=\"narep-food-menu-item-wrap zoom-image hav-img non-veg food-indicator\">\n\t\t\t\t\t\t\t\t\t\t\t\t              <h5 class=\"food-label\">Whisper Lakes Only<\/h5><div class=\"narep-food-menu-item\"><div class=\"narep-image narep-popup\"><a href=\"https:\/\/chimikingrestaurant.com\/wp-content\/uploads\/2023\/01\/Chimiking-Amaretto.png\"><img decoding=\"async\" src=\"https:\/\/chimikingrestaurant.com\/wp-content\/uploads\/2023\/01\/Chimiking-Amaretto.png\" alt=\"Amaretto\"><\/a><\/div><span class=\"food-price\">$8.95<\/span><\/div><div class=\"narep-food-menu-info\"><h4 class=\"narep-food-menu-title\"><a href=\"https:\/\/chimikingrestaurant.com\/es\/order-by-location\/\" target=\"_blank\" >Amaretto<\/a><\/h4><p>Licor especial con sabor a almendra, dulce, a la roca, para un sabor \u00fanico y maravilloso en un d\u00eda especial o caluroso.<\/p><\/div><div class=\"narep-btn-wrap\"><a href=\"https:\/\/chimikingrestaurant.com\/es\/order-by-location\/\" target=\"_blank\"  class=\"narep-btn black-btn\">Order Online<\/a><\/div>\n\t\t\t\t\t\t\t\t\t\t\t\t            <\/div>\n\t\t\t\t\t\t\t\t\t\t\t            <\/div><div class=\"nich-col-lg-4\">\n\t\t\t\t\t\t\t\t\t\t\t\t\t\t\t\t\t\t<div class=\"narep-food-menu-item-wrap zoom-image hav-img non-veg food-indicator\">\n\t\t\t\t\t\t\t\t\t\t\t\t              <h5 class=\"food-label\">Whisper Lakes Only<\/h5><div class=\"narep-food-menu-item\"><div class=\"narep-image narep-popup\"><a href=\"https:\/\/chimikingrestaurant.com\/wp-content\/uploads\/2023\/01\/Chimiking-Frangelico.png\"><img decoding=\"async\" src=\"https:\/\/chimikingrestaurant.com\/wp-content\/uploads\/2023\/01\/Chimiking-Frangelico.png\" alt=\"Frangelico\"><\/a><\/div><span class=\"food-price\">$8.95<\/span><\/div><div class=\"narep-food-menu-info\"><h4 class=\"narep-food-menu-title\"><a href=\"https:\/\/chimikingrestaurant.com\/es\/order-by-location\/\" target=\"_blank\" >Frangelico<\/a><\/h4><p>Licor italiano premium hecho de avellanas tostadas, cacao, vainilla y otros sabores naturales. Perfecto en compa\u00f1\u00eda.<\/p><\/div><div class=\"narep-btn-wrap\"><a href=\"https:\/\/chimikingrestaurant.com\/es\/order-by-location\/\" target=\"_blank\"  class=\"narep-btn black-btn\">Order Online<\/a><\/div>\n\t\t\t\t\t\t\t\t\t\t\t\t            <\/div>\n\t\t\t\t\t\t\t\t\t\t\t            <\/div><div class=\"nich-col-lg-4\">\n\t\t\t\t\t\t\t\t\t\t\t\t\t\t\t\t\t\t<div class=\"narep-food-menu-item-wrap zoom-image hav-img non-veg food-indicator\">\n\t\t\t\t\t\t\t\t\t\t\t\t              <h5 class=\"food-label\">Whisper Lakes Only<\/h5><div class=\"narep-food-menu-item\"><div class=\"narep-image narep-popup\"><a href=\"https:\/\/chimikingrestaurant.com\/wp-content\/uploads\/2023\/01\/Chimiking-LICOR-Kahlua.png\"><img decoding=\"async\" src=\"https:\/\/chimikingrestaurant.com\/wp-content\/uploads\/2023\/01\/Chimiking-LICOR-Kahlua.png\" alt=\"Kahlua\"><\/a><\/div><span class=\"food-price\">$8.95<\/span><\/div><div class=\"narep-food-menu-info\"><h4 class=\"narep-food-menu-title\"><a href=\"https:\/\/chimikingrestaurant.com\/es\/order-by-location\/\" target=\"_blank\" >Kahlua<\/a><\/h4><p>Licor con sabor a caf\u00e9 hecho con una mezcla de ron, caf\u00e9, az\u00facar, vainilla y otros sabores naturales. Toque sabroso a caf\u00e9.<\/p><\/div><div class=\"narep-btn-wrap\"><a href=\"https:\/\/chimikingrestaurant.com\/es\/order-by-location\/\" target=\"_blank\"  class=\"narep-btn black-btn\">Order Online<\/a><\/div>\n\t\t\t\t\t\t\t\t\t\t\t\t            <\/div>\n\t\t\t\t\t\t\t\t\t\t\t            <\/div><div class=\"nich-col-lg-4\">\n\t\t\t\t\t\t\t\t\t\t\t\t\t\t\t\t\t\t<div class=\"narep-food-menu-item-wrap zoom-image hav-img non-veg food-indicator\">\n\t\t\t\t\t\t\t\t\t\t\t\t              <h5 class=\"food-label\">Whisper Lakes Only<\/h5><div class=\"narep-food-menu-item\"><div class=\"narep-image narep-popup\"><a href=\"https:\/\/chimikingrestaurant.com\/wp-content\/uploads\/2023\/01\/Chimiking-Baileys.png\"><img decoding=\"async\" src=\"https:\/\/chimikingrestaurant.com\/wp-content\/uploads\/2023\/01\/Chimiking-Baileys.png\" alt=\"Baileys\"><\/a><\/div><span class=\"food-price\">$8.95<\/span><\/div><div class=\"narep-food-menu-info\"><h4 class=\"narep-food-menu-title\"><a href=\"https:\/\/chimikingrestaurant.com\/es\/order-by-location\/\" target=\"_blank\" >Baileys<\/a><\/h4><p>Licor de crema irland\u00e9s hecho de una mezcla de whisky, crema y otros ingredientes naturales como cacao y vainilla<\/p><\/div><div class=\"narep-btn-wrap\"><a href=\"https:\/\/chimikingrestaurant.com\/es\/order-by-location\/\" target=\"_blank\"  class=\"narep-btn black-btn\">Order Online<\/a><\/div>\n\t\t\t\t\t\t\t\t\t\t\t\t            <\/div>\n\t\t\t\t\t\t\t\t\t\t\t            <\/div><div class=\"nich-col-lg-4\">\n\t\t\t\t\t\t\t\t\t\t\t\t\t\t\t\t\t\t<div class=\"narep-food-menu-item-wrap zoom-image hav-img non-veg food-indicator\">\n\t\t\t\t\t\t\t\t\t\t\t\t              <h5 class=\"food-label\">Whisper Lakes Only<\/h5><div class=\"narep-food-menu-item\"><div class=\"narep-image narep-popup\"><a href=\"https:\/\/chimikingrestaurant.com\/wp-content\/uploads\/2023\/01\/Chimiking-Limoncello.png\"><img decoding=\"async\" src=\"https:\/\/chimikingrestaurant.com\/wp-content\/uploads\/2023\/01\/Chimiking-Limoncello.png\" alt=\"Limoncello\"><\/a><\/div><span class=\"food-price\">$6.95<\/span><\/div><div class=\"narep-food-menu-info\"><h4 class=\"narep-food-menu-title\"><a href=\"https:\/\/chimikingrestaurant.com\/es\/order-by-location\/\" target=\"_blank\" >Limoncello<\/a><\/h4><p>Licor italiano hecho de ralladura de lim\u00f3n, alcohol, agua y az\u00facar. Se sirve fr\u00edo para deleite refrescante de una bebida muy especial.<\/p><\/div><div class=\"narep-btn-wrap\"><a href=\"https:\/\/chimikingrestaurant.com\/es\/order-by-location\/\" target=\"_blank\"  class=\"narep-btn black-btn\">Order Online<\/a><\/div>\n\t\t\t\t\t\t\t\t\t\t\t\t            <\/div>\n\t\t\t\t\t\t\t\t\t\t\t            <\/div><\/div><\/div>\t\t\t\t<\/div>\n\t\t\t\t<\/div>\n\t\t\t\t\t<\/div>\n\t\t<\/div>\n\t\t\t\t\t<\/div>\n\t\t<\/section>\n\t\t\t\t<\/div>","protected":false},"excerpt":{"rendered":"<p>Whisper Lakes Only $9.99 Whiskey On The Rocks Classic whiskey to be diluted over ice for more refreshing and excellent mellow taste for sharing with family and friends Order Online Whisper Lakes Only $9.99 Vodka On The Rocks Neutral spirit that doesn&#8217;t carry heavy flavor, but has refreshing vodka taste to be shared with lemon&#8230;<\/p>","protected":false},"author":1,"featured_media":0,"parent":0,"menu_order":0,"comment_status":"closed","ping_status":"closed","template":"elementor_canvas","meta":{"footnotes":""},"class_list":["post-7118","page","type-page","status-publish","hentry"],"_links":{"self":[{"href":"https:\/\/chimikingrestaurant.com\/es\/wp-json\/wp\/v2\/pages\/7118","targetHints":{"allow":["GET"]}}],"collection":[{"href":"https:\/\/chimikingrestaurant.com\/es\/wp-json\/wp\/v2\/pages"}],"about":[{"href":"https:\/\/chimikingrestaurant.com\/es\/wp-json\/wp\/v2\/types\/page"}],"author":[{"embeddable":true,"href":"https:\/\/chimikingrestaurant.com\/es\/wp-json\/wp\/v2\/users\/1"}],"replies":[{"embeddable":true,"href":"https:\/\/chimikingrestaurant.com\/es\/wp-json\/wp\/v2\/comments?post=7118"}],"version-history":[{"count":0,"href":"https:\/\/chimikingrestaurant.com\/es\/wp-json\/wp\/v2\/pages\/7118\/revisions"}],"wp:attachment":[{"href":"https:\/\/chimikingrestaurant.com\/es\/wp-json\/wp\/v2\/media?parent=7118"}],"curies":[{"name":"wp","href":"https:\/\/api.w.org\/{rel}","templated":true}]}}