{"id":7242,"date":"2023-09-21T05:22:22","date_gmt":"2023-09-21T05:22:22","guid":{"rendered":"https:\/\/chimikingrestaurant.com\/?page_id=7242"},"modified":"2023-11-23T03:28:41","modified_gmt":"2023-11-23T03:28:41","slug":"terms-and-conditions-2","status":"publish","type":"page","link":"https:\/\/chimikingrestaurant.com\/es\/terms-and-conditions-2\/","title":{"rendered":"T\u00e9rminos y Condiciones"},"content":{"rendered":"<style>.elementor-7242 .elementor-element.elementor-element-356befcf > .elementor-container{max-width:500px;}.elementor-7242 .elementor-element.elementor-element-356befcf:not(.elementor-motion-effects-element-type-background), .elementor-7242 .elementor-element.elementor-element-356befcf > .elementor-motion-effects-container > .elementor-motion-effects-layer{background-image:url(\"https:\/\/chimikingrestaurant.com\/wp-content\/uploads\/2023\/01\/male-friends-drinking-beer-and-eating-burgers-in-sports-bar.jpg\");background-position:center center;background-size:cover;}.elementor-7242 .elementor-element.elementor-element-356befcf > .elementor-background-overlay{background-color:transparent;background-image:linear-gradient(180deg, #000000B3 0%, #000000 100%);opacity:1;transition:background 0.3s, border-radius 0.3s, opacity 0.3s;}.elementor-7242 .elementor-element.elementor-element-356befcf{transition:background 0.3s, border 0.3s, border-radius 0.3s, box-shadow 0.3s;margin-top:-138px;margin-bottom:0px;padding:180px 0px 90px 0px;overflow:visible;}.elementor-7242 .elementor-element.elementor-element-7546f58e{text-align:center;}.elementor-7242 .elementor-element.elementor-element-7546f58e .elementor-heading-title{font-family:var( --e-global-typography-076c0f2-font-family ), Sans-serif;font-size:var( --e-global-typography-076c0f2-font-size );font-weight:var( --e-global-typography-076c0f2-font-weight );text-transform:var( --e-global-typography-076c0f2-text-transform );line-height:var( --e-global-typography-076c0f2-line-height );letter-spacing:var( --e-global-typography-076c0f2-letter-spacing );word-spacing:var( --e-global-typography-076c0f2-word-spacing );color:#FFFFFF;}.elementor-7242 .elementor-element.elementor-element-7546f58e > .elementor-widget-container{margin:0px 0px 0px 0px;}.elementor-7242 .elementor-element.elementor-element-5b462057{--divider-border-style:solid;--divider-color:var( --e-global-color-897cb8d );--divider-border-width:3.5px;}.elementor-7242 .elementor-element.elementor-element-5b462057 .elementor-divider-separator{width:15%;margin:0 auto;margin-center:0;}.elementor-7242 .elementor-element.elementor-element-5b462057 .elementor-divider{text-align:center;padding-block-start:10px;padding-block-end:10px;}.elementor-7242 .elementor-element.elementor-element-53e8f301{text-align:center;font-family:var( --e-global-typography-text-font-family ), Sans-serif;font-size:var( --e-global-typography-text-font-size );font-weight:var( --e-global-typography-text-font-weight );color:var( --e-global-color-0eabca8 );}.elementor-7242 .elementor-element.elementor-element-53e8f301 > .elementor-widget-container{margin:0px 0px 0px 0px;}.elementor-7242 .elementor-element.elementor-element-1215b642 > .elementor-container > .elementor-column > .elementor-widget-wrap{align-content:center;align-items:center;}.elementor-7242 .elementor-element.elementor-element-1215b642:not(.elementor-motion-effects-element-type-background), .elementor-7242 .elementor-element.elementor-element-1215b642 > .elementor-motion-effects-container > .elementor-motion-effects-layer{background-color:transparent;background-image:linear-gradient(180deg, #000000 0%, #020202 100%);}.elementor-7242 .elementor-element.elementor-element-1215b642{transition:background 0.3s, border 0.3s, border-radius 0.3s, box-shadow 0.3s;margin-top:-90px;margin-bottom:-0px;padding:0px 150px 30px 150px;overflow:visible;}.elementor-7242 .elementor-element.elementor-element-1215b642 > .elementor-background-overlay{transition:background 0.3s, border-radius 0.3s, opacity 0.3s;}.elementor-7242 .elementor-element.elementor-element-6a46b63a > .elementor-element-populated{margin:0px 50px 0px 0px;--e-column-margin-right:50px;--e-column-margin-left:0px;}.elementor-7242 .elementor-element.elementor-element-530e0496{--divider-border-style:solid;--divider-color:var( --e-global-color-897cb8d );--divider-border-width:3.5px;}.elementor-7242 .elementor-element.elementor-element-530e0496 .elementor-divider-separator{width:20%;margin:0 auto;margin-left:0;}.elementor-7242 .elementor-element.elementor-element-530e0496 .elementor-divider{text-align:left;padding-block-start:10px;padding-block-end:10px;}.elementor-7242 .elementor-element.elementor-element-700204a6{color:var( --e-global-color-0eabca8 );}.elementor-7242 .elementor-element.elementor-element-20c2f120{--divider-border-style:solid;--divider-color:#353535;--divider-border-width:3.5px;}.elementor-7242 .elementor-element.elementor-element-20c2f120 .elementor-divider-separator{width:100%;margin:0 auto;margin-left:0;}.elementor-7242 .elementor-element.elementor-element-20c2f120 .elementor-divider{text-align:left;padding-block-start:10px;padding-block-end:10px;}.elementor-7242 .elementor-element.elementor-element-20c2f120 > .elementor-widget-container{margin:-45px 0px 0px 0px;}.elementor-widget .tippy-tooltip .tippy-content{text-align:center;}@media(max-width:1024px) and (min-width:768px){.elementor-7242 .elementor-element.elementor-element-6a46b63a{width:100%;}}@media(max-width:1024px){.elementor-7242 .elementor-element.elementor-element-7546f58e .elementor-heading-title{font-size:var( --e-global-typography-076c0f2-font-size );line-height:var( --e-global-typography-076c0f2-line-height );letter-spacing:var( --e-global-typography-076c0f2-letter-spacing );word-spacing:var( --e-global-typography-076c0f2-word-spacing );}.elementor-7242 .elementor-element.elementor-element-53e8f301{font-size:var( --e-global-typography-text-font-size );}.elementor-7242 .elementor-element.elementor-element-1215b642{padding:50px 0px 60px 0px;}.elementor-7242 .elementor-element.elementor-element-6a46b63a > .elementor-element-populated{margin:0px 10px 30px 10px;--e-column-margin-right:10px;--e-column-margin-left:10px;}}@media(max-width:767px){.elementor-7242 .elementor-element.elementor-element-356befcf{margin-top:-160px;margin-bottom:0px;}.elementor-7242 .elementor-element.elementor-element-173203ff > .elementor-element-populated{margin:0px 10px 0px 10px;--e-column-margin-right:10px;--e-column-margin-left:10px;}.elementor-7242 .elementor-element.elementor-element-7546f58e .elementor-heading-title{font-size:var( --e-global-typography-076c0f2-font-size );line-height:var( --e-global-typography-076c0f2-line-height );letter-spacing:var( --e-global-typography-076c0f2-letter-spacing );word-spacing:var( --e-global-typography-076c0f2-word-spacing );}.elementor-7242 .elementor-element.elementor-element-53e8f301{font-size:var( --e-global-typography-text-font-size );}.elementor-7242 .elementor-element.elementor-element-1215b642{padding:0px 0px 50px 0px;}.elementor-7242 .elementor-element.elementor-element-6a46b63a > .elementor-element-populated{margin:0px 10px 30px 10px;--e-column-margin-right:10px;--e-column-margin-left:10px;}}<\/style>\t\t<div data-elementor-type=\"wp-page\" data-elementor-id=\"7242\" class=\"elementor elementor-7242\" data-elementor-settings=\"{&quot;element_pack_global_tooltip_width&quot;:{&quot;unit&quot;:&quot;px&quot;,&quot;size&quot;:&quot;&quot;,&quot;sizes&quot;:[]},&quot;element_pack_global_tooltip_width_tablet&quot;:{&quot;unit&quot;:&quot;px&quot;,&quot;size&quot;:&quot;&quot;,&quot;sizes&quot;:[]},&quot;element_pack_global_tooltip_width_mobile&quot;:{&quot;unit&quot;:&quot;px&quot;,&quot;size&quot;:&quot;&quot;,&quot;sizes&quot;:[]},&quot;element_pack_global_tooltip_padding&quot;:{&quot;unit&quot;:&quot;px&quot;,&quot;top&quot;:&quot;&quot;,&quot;right&quot;:&quot;&quot;,&quot;bottom&quot;:&quot;&quot;,&quot;left&quot;:&quot;&quot;,&quot;isLinked&quot;:true},&quot;element_pack_global_tooltip_padding_tablet&quot;:{&quot;unit&quot;:&quot;px&quot;,&quot;top&quot;:&quot;&quot;,&quot;right&quot;:&quot;&quot;,&quot;bottom&quot;:&quot;&quot;,&quot;left&quot;:&quot;&quot;,&quot;isLinked&quot;:true},&quot;element_pack_global_tooltip_padding_mobile&quot;:{&quot;unit&quot;:&quot;px&quot;,&quot;top&quot;:&quot;&quot;,&quot;right&quot;:&quot;&quot;,&quot;bottom&quot;:&quot;&quot;,&quot;left&quot;:&quot;&quot;,&quot;isLinked&quot;:true},&quot;element_pack_global_tooltip_border_radius&quot;:{&quot;unit&quot;:&quot;px&quot;,&quot;top&quot;:&quot;&quot;,&quot;right&quot;:&quot;&quot;,&quot;bottom&quot;:&quot;&quot;,&quot;left&quot;:&quot;&quot;,&quot;isLinked&quot;:true},&quot;element_pack_global_tooltip_border_radius_tablet&quot;:{&quot;unit&quot;:&quot;px&quot;,&quot;top&quot;:&quot;&quot;,&quot;right&quot;:&quot;&quot;,&quot;bottom&quot;:&quot;&quot;,&quot;left&quot;:&quot;&quot;,&quot;isLinked&quot;:true},&quot;element_pack_global_tooltip_border_radius_mobile&quot;:{&quot;unit&quot;:&quot;px&quot;,&quot;top&quot;:&quot;&quot;,&quot;right&quot;:&quot;&quot;,&quot;bottom&quot;:&quot;&quot;,&quot;left&quot;:&quot;&quot;,&quot;isLinked&quot;:true}}\" data-elementor-post-type=\"page\">\n\t\t\t\t\t\t<section data-particle_enable=\"false\" data-particle-mobile-disabled=\"false\" class=\"elementor-section elementor-top-section elementor-element elementor-element-356befcf elementor-section-boxed elementor-section-height-default elementor-section-height-default\" data-id=\"356befcf\" data-element_type=\"section\" data-e-type=\"section\" data-settings=\"{&quot;background_background&quot;:&quot;classic&quot;,&quot;jet_parallax_layout_list&quot;:[],&quot;ekit_has_onepagescroll_dot&quot;:&quot;yes&quot;}\">\n\t\t\t\t\t\t\t<div class=\"elementor-background-overlay\"><\/div>\n\t\t\t\t\t\t\t<div class=\"elementor-container elementor-column-gap-no\">\n\t\t\t\t\t<div class=\"elementor-column elementor-col-100 elementor-top-column elementor-element elementor-element-173203ff\" data-id=\"173203ff\" data-element_type=\"column\" data-e-type=\"column\">\n\t\t\t<div class=\"elementor-widget-wrap elementor-element-populated\">\n\t\t\t\t\t\t<div class=\"elementor-element elementor-element-7546f58e elementor-widget elementor-widget-heading\" data-id=\"7546f58e\" data-element_type=\"widget\" data-e-type=\"widget\" data-settings=\"{&quot;ekit_we_effect_on&quot;:&quot;none&quot;}\" data-widget_type=\"heading.default\">\n\t\t\t\t<div class=\"elementor-widget-container\">\n\t\t\t\t\t<h2 class=\"elementor-heading-title elementor-size-default\">T\u00e9rminos y Condiciones<\/h2>\t\t\t\t<\/div>\n\t\t\t\t<\/div>\n\t\t\t\t<div class=\"elementor-element elementor-element-5b462057 elementor-widget-divider--view-line elementor-widget elementor-widget-divider\" data-id=\"5b462057\" data-element_type=\"widget\" data-e-type=\"widget\" data-settings=\"{&quot;ekit_we_effect_on&quot;:&quot;none&quot;}\" data-widget_type=\"divider.default\">\n\t\t\t\t<div class=\"elementor-widget-container\">\n\t\t\t\t\t\t\t<div class=\"elementor-divider\">\n\t\t\t<span class=\"elementor-divider-separator\">\n\t\t\t\t\t\t<\/span>\n\t\t<\/div>\n\t\t\t\t\t\t<\/div>\n\t\t\t\t<\/div>\n\t\t\t\t<div class=\"elementor-element elementor-element-53e8f301 elementor-widget elementor-widget-text-editor\" data-id=\"53e8f301\" data-element_type=\"widget\" data-e-type=\"widget\" data-settings=\"{&quot;ekit_we_effect_on&quot;:&quot;none&quot;}\" data-widget_type=\"text-editor.default\">\n\t\t\t\t<div class=\"elementor-widget-container\">\n\t\t\t\t\t\t\t\t\t<p class=\"MsoNormal\">Antes de comenzar a explorar nuestros servicios y realizar pedidos, por favor t\u00f3mese un momento para revisar y aceptar nuestros T\u00e9rminos y Condiciones. Estos t\u00e9rminos rigen el uso de nuestro sitio web, aplicaci\u00f3n y servicios del restaurante.<\/p><p class=\"MsoNormal\">Al utilizar nuestros servicios, usted acepta cumplir con estos t\u00e9rminos. Si tiene alguna pregunta o inquietud, no dude en contactarnos. Estamos aqu\u00ed para hacer que su experiencia gastron\u00f3mica sea excepcional.<\/p>\t\t\t\t\t\t\t\t<\/div>\n\t\t\t\t<\/div>\n\t\t\t\t\t<\/div>\n\t\t<\/div>\n\t\t\t\t\t<\/div>\n\t\t<\/section>\n\t\t\t\t<section data-particle_enable=\"false\" data-particle-mobile-disabled=\"false\" class=\"elementor-section elementor-top-section elementor-element elementor-element-1215b642 elementor-section-content-middle elementor-section-boxed elementor-section-height-default elementor-section-height-default\" data-id=\"1215b642\" data-element_type=\"section\" data-e-type=\"section\" data-settings=\"{&quot;background_background&quot;:&quot;gradient&quot;,&quot;jet_parallax_layout_list&quot;:[],&quot;ekit_has_onepagescroll_dot&quot;:&quot;yes&quot;}\">\n\t\t\t\t\t\t<div class=\"elementor-container elementor-column-gap-no\">\n\t\t\t\t\t<div class=\"elementor-column elementor-col-100 elementor-top-column elementor-element elementor-element-6a46b63a\" data-id=\"6a46b63a\" data-element_type=\"column\" data-e-type=\"column\">\n\t\t\t<div class=\"elementor-widget-wrap elementor-element-populated\">\n\t\t\t\t\t\t<div class=\"elementor-element elementor-element-530e0496 elementor-widget-divider--view-line elementor-widget elementor-widget-divider\" data-id=\"530e0496\" data-element_type=\"widget\" data-e-type=\"widget\" data-settings=\"{&quot;ekit_we_effect_on&quot;:&quot;none&quot;}\" data-widget_type=\"divider.default\">\n\t\t\t\t<div class=\"elementor-widget-container\">\n\t\t\t\t\t\t\t<div class=\"elementor-divider\">\n\t\t\t<span class=\"elementor-divider-separator\">\n\t\t\t\t\t\t<\/span>\n\t\t<\/div>\n\t\t\t\t\t\t<\/div>\n\t\t\t\t<\/div>\n\t\t\t\t<div class=\"elementor-element elementor-element-700204a6 elementor-widget elementor-widget-text-editor\" data-id=\"700204a6\" data-element_type=\"widget\" data-e-type=\"widget\" data-settings=\"{&quot;ekit_we_effect_on&quot;:&quot;none&quot;}\" data-widget_type=\"text-editor.default\">\n\t\t\t\t<div class=\"elementor-widget-container\">\n\t\t\t\t\t\t\t\t\t<p><b>T\u00e9rminos y Condiciones de Chimiking<\/b><\/p>\n<p><span style=\"color: var( --e-global-color-0eabca8 ); background-color: transparent;\">\u00daltima actualizaci\u00f3n: 4 de febrero de 2023<\/span><\/p>\n<p><b>T\u00e9rminos y Condiciones<\/b><\/p>\n<p><b>1. Aceptaci\u00f3n de los T\u00e9rminos<\/b><\/p>\n<p>Al acceder o utilizar los servicios proporcionados por el restaurante Chimiking, usted acepta cumplir y estar sujeto a estos T\u00e9rminos y Condiciones. Si no est\u00e1 de acuerdo con estos t\u00e9rminos, por favor no utilice nuestros servicios.<\/p>\n<p><b>2. Reserva y Pedido<\/b>&nbsp;<\/p>\n<p>&nbsp; &nbsp; a. Chimiking ofrece servicios de reserva y pedido en l\u00ednea para su comodidad.<\/p>\n<p>&nbsp; &nbsp; b. Todas las reservas y pedidos est\u00e1n sujetos a disponibilidad y confirmaci\u00f3n.&nbsp;<\/p>\n<p>&nbsp; &nbsp; c. Los pedidos realizados a trav\u00e9s de nuestro sitio web o aplicaci\u00f3n se consideran definitivos, y las cancelaciones pueden estar sujetas a una tarifa de cancelaci\u00f3n.<\/p>\n<p><b>3. Men\u00fa y Precios<\/b><\/p>\n<p>&nbsp; &nbsp; a. Los art\u00edculos de nuestro men\u00fa y los precios est\u00e1n sujetos a cambios sin previo aviso.<\/p>\n<p>&nbsp; &nbsp; b. Los impuestos y tarifas pueden ser a\u00f1adidos a su factura total donde sea aplicable.<\/p>\n<p><b>4. Pago<\/b><\/p>\n<p>&nbsp; &nbsp; a. Aceptamos varios m\u00e9todos de pago seg\u00fan se especifica en nuestro sitio web o aplicaci\u00f3n.&nbsp;<\/p>\n<p>&nbsp; &nbsp; b. El pago se debe realizar en el momento de realizar el pedido, a menos que se acuerde lo contrario.<\/p>\n<p><b>5. Reembolsos y Devoluciones<\/b><\/p>\n<p>&nbsp; &nbsp; a. Los reembolsos o devoluciones pueden ser otorgados de acuerdo con nuestra Pol\u00edtica de Reembolsos.&nbsp;<\/p>\n<p>&nbsp; &nbsp; b. Si cree que hay un problema con su pedido, por favor cont\u00e1ctenos de inmediato.<\/p>\n<p><b>6. Privacidad<\/b>&nbsp;<\/p>\n<p>&nbsp; &nbsp; a. Respetamos su privacidad y manejamos su informaci\u00f3n personal seg\u00fan se describe en nuestra Pol\u00edtica de Privacidad.<\/p>\n<p>&nbsp; &nbsp; b. Al utilizar nuestros servicios, usted da su consentimiento para la recopilaci\u00f3n y uso de su informaci\u00f3n tal como se detalla en nuestra Pol\u00edtica de Privacidad.<\/p>\n<p><b>7. Propiedad Intelectual<\/b><\/p>\n<p>&nbsp; &nbsp; a. Todo el contenido en nuestro sitio web y aplicaci\u00f3n, incluyendo logotipos, im\u00e1genes y texto, est\u00e1 protegido por derechos de autor y otros derechos de propiedad intelectual pertenecientes a Chimiking.&nbsp;<\/p>\n<p>&nbsp; &nbsp; b. No puede utilizar nuestro contenido para fines comerciales sin nuestro consentimiento previo por escrito.<\/p>\n<p><b>8. Descargo de Responsabilidad<\/b><\/p>\n<p>&nbsp; &nbsp; a. Chimiking se esfuerza por proporcionar informaci\u00f3n precisa y actualizada, pero no ofrecemos garant\u00edas ni representaciones respecto a la exactitud, integridad o fiabilidad de nuestro contenido.&nbsp;<\/p>\n<p>&nbsp; &nbsp; b. No somos responsables de errores, omisiones o acciones que resulten del uso de nuestros servicios.<\/p>\n<p><b>9. Limitaci\u00f3n de Responsabilidad<\/b><\/p>\n<p>&nbsp; &nbsp; a. Chimiking y sus afiliados no ser\u00e1n responsables de ning\u00fan da\u00f1o directo, indirecto, incidental, especial o consecuente que surja de o de alguna manera est\u00e9 relacionado con el uso de nuestros servicios.&nbsp;<\/p>\n<p>&nbsp; &nbsp; b. Usted acepta indemnizarnos y eximirnos de responsabilidad por cualquier reclamaci\u00f3n, p\u00e9rdida o responsabilidad que surja de su uso de nuestros servicios.<\/p>\n<p><b>10. Ley Aplicable<\/b><\/p>\n<p>These Terms and Conditions shall be governed by and construed in accordance with the laws of the State of Florida.<\/p>\n<p><\/p>\n<p><b>11. Informaci\u00f3n de Contacto<\/b><\/p>\n<p>Si tiene alguna pregunta o inquietud acerca de estos T\u00e9rminos y Condiciones, por favor cont\u00e1ctenos.<\/p>\n<p><b style=\"color: var( --e-global-color-0eabca8 ); background-color: transparent;\">Cambios a esta pol\u00edtica<\/b><\/p>\n<p>Podemos actualizar esta Pol\u00edtica de privacidad de vez en cuando para reflejar los cambios en nuestras pr\u00e1cticas o leyes aplicables. Publicaremos la pol\u00edtica actualizada en nuestro sitio web e indicaremos la fecha de la \u00faltima revisi\u00f3n. Su uso continuado de nuestro sitio web o servicios despu\u00e9s de la publicaci\u00f3n de una pol\u00edtica actualizada constituye su aceptaci\u00f3n de los cambios.<\/p>\n<p><b>Cont\u00e1cto<\/b><\/p>\n<p>Si tiene alguna pregunta sobre esta Pol\u00edtica de privacidad o nuestro uso de su informaci\u00f3n personal, cont\u00e1ctenos en:&nbsp;<\/p>\n<p><a href=\"mailto:Administracion2@chimikingrestaurant.com\">mailto:Administracion2@chimikingrestaurant.com<\/a><\/p>\n<p><\/p>\t\t\t\t\t\t\t\t<\/div>\n\t\t\t\t<\/div>\n\t\t\t\t<div class=\"elementor-element elementor-element-20c2f120 elementor-widget-divider--view-line elementor-widget elementor-widget-divider\" data-id=\"20c2f120\" data-element_type=\"widget\" data-e-type=\"widget\" data-settings=\"{&quot;ekit_we_effect_on&quot;:&quot;none&quot;}\" data-widget_type=\"divider.default\">\n\t\t\t\t<div class=\"elementor-widget-container\">\n\t\t\t\t\t\t\t<div class=\"elementor-divider\">\n\t\t\t<span class=\"elementor-divider-separator\">\n\t\t\t\t\t\t<\/span>\n\t\t<\/div>\n\t\t\t\t\t\t<\/div>\n\t\t\t\t<\/div>\n\t\t\t\t\t<\/div>\n\t\t<\/div>\n\t\t\t\t\t<\/div>\n\t\t<\/section>\n\t\t\t\t<\/div>","protected":false},"excerpt":{"rendered":"<p>Terms and Conditions Before you start exploring our services and placing orders, please take a moment to review and agree to our Terms and Conditions. These terms govern the use of our website, app, and restaurant services. By using our services, you agree to comply with these terms. If you have any questions or concerns,&#8230;<\/p>","protected":false},"author":1,"featured_media":0,"parent":0,"menu_order":0,"comment_status":"closed","ping_status":"closed","template":"elementor_header_footer","meta":{"footnotes":""},"class_list":["post-7242","page","type-page","status-publish","hentry"],"_links":{"self":[{"href":"https:\/\/chimikingrestaurant.com\/es\/wp-json\/wp\/v2\/pages\/7242","targetHints":{"allow":["GET"]}}],"collection":[{"href":"https:\/\/chimikingrestaurant.com\/es\/wp-json\/wp\/v2\/pages"}],"about":[{"href":"https:\/\/chimikingrestaurant.com\/es\/wp-json\/wp\/v2\/types\/page"}],"author":[{"embeddable":true,"href":"https:\/\/chimikingrestaurant.com\/es\/wp-json\/wp\/v2\/users\/1"}],"replies":[{"embeddable":true,"href":"https:\/\/chimikingrestaurant.com\/es\/wp-json\/wp\/v2\/comments?post=7242"}],"version-history":[{"count":6,"href":"https:\/\/chimikingrestaurant.com\/es\/wp-json\/wp\/v2\/pages\/7242\/revisions"}],"predecessor-version":[{"id":8811,"href":"https:\/\/chimikingrestaurant.com\/es\/wp-json\/wp\/v2\/pages\/7242\/revisions\/8811"}],"wp:attachment":[{"href":"https:\/\/chimikingrestaurant.com\/es\/wp-json\/wp\/v2\/media?parent=7242"}],"curies":[{"name":"wp","href":"https:\/\/api.w.org\/{rel}","templated":true}]}}